{"id":367,"date":"2026-04-04T21:05:47","date_gmt":"2026-04-04T21:05:47","guid":{"rendered":"https:\/\/aidep-aidap.org\/?page_id=367"},"modified":"2026-04-04T21:07:33","modified_gmt":"2026-04-04T21:07:33","slug":"ix-congreso-iberoamericano-de-evaluacion-psicologica-maceio-brasil","status":"publish","type":"page","link":"https:\/\/aidep-aidap.org\/pt\/congressos\/ix-congreso-iberoamericano-de-evaluacion-psicologica-maceio-brasil\/","title":{"rendered":"IX Congreso Iberoamericano de Evaluaci\u00f3n Psicol\u00f3gica (Maceio \u2013 Brasil)"},"content":{"rendered":"\n<h1 class=\"wp-block-heading\">IX Congreso Iberoamericano de Evaluaci\u00f3n Psicol\u00f3gica (Maceio &#8211; Brasil)<\/h1>\n\n\n\n<p>O VI Congresso Brasileiro de Avalia\u00e7\u00e3o Psicol\u00f3gica ocorreu em junho de 2013 em Macei\u00f3 e contou com aproximadamente 400 p\u00f4steres, 70 mesas redondas, 30 cursos e 20 confer\u00eancias de convidados nacionais e internacionais. Tendo como tema \u201cAvalia\u00e7\u00e3o psicol\u00f3gica: direito de todos, dever do psic\u00f3logo\u201d, o evento, al\u00e9m de promover a forma\u00e7\u00e3o continuada de psic\u00f3logos que utilizam a avalia\u00e7\u00e3o psicol\u00f3gica em sua pr\u00e1tica profissional, objetivou fomentar a discuss\u00e3o conjunta entre profissionais e acad\u00eamicos acerca da \u00e1rea, incluindo temas pol\u00eamicos como forma\u00e7\u00e3o na \u00e1rea de avalia\u00e7\u00e3o psicol\u00f3gica; avalpsi; novas perspectivas te\u00f3ricas sobre avalia\u00e7\u00e3o psicol\u00f3gica; recursos t\u00e9cnicos e cient\u00edficos que podem subsidiar pesquisas na \u00e1rea; quest\u00f5es \u00e9ticas e deontol\u00f3gicas relativa ao uso da avalia\u00e7\u00e3o psicol\u00f3gica, dentre outros pontos. O congresso foi realizado em conjunto com o IX Congresso Iberoamericano de Diagn\u00f3stico e Avalia\u00e7\u00e3o Psicol\u00f3gica, promovido pela AIDEP, e contou com a participa\u00e7\u00e3o de conferencistas de Portugual, Espanha, EUA, Argentina, Alemanha e Brasil.<\/p>\n\n\n\n<p>Quanto ao VII Congresso de Avalia\u00e7\u00e3o Psicol\u00f3gica, durante a assembleia do IBAP, houve a candidatura de dois estados para organiza\u00e7\u00e3o do evento: Goi\u00e1s e Santa Catarina. As propostas ser\u00e3o analisadas pela diretoria do Instituto \u00e0 luz dos or\u00e7amentos propostas para decis\u00e3o do local, a ser anunciado em breve.<\/p>\n\n\n\n<p>O IBAP agradece a todos participantes do VI congresso e \u00e0s ag\u00eancias e associa\u00e7\u00f5es que contribu\u00edram neste evento. Em especial, agradece ao apoio das editoras Vetor e Casa do Psic\u00f3logo, nossas parceiras sempre presentes nos congressos realizados pelo IBAP e demais associa\u00e7\u00f5es da \u00e1rea da Avalia\u00e7\u00e3o Psicol\u00f3gica.<\/p>\n\n\n<style>.wp-block-kadence-advancedbtn.kb-btns367_f7a9e6-b7{gap:var(--global-kb-gap-xs, 0.5rem );justify-content:flex-start;align-items:center;}.kt-btns367_f7a9e6-b7 .kt-button{font-weight:normal;font-style:normal;}.kt-btns367_f7a9e6-b7 .kt-btn-wrap-0{margin-right:5px;}.wp-block-kadence-advancedbtn.kt-btns367_f7a9e6-b7 .kt-btn-wrap-0 .kt-button{color:#555555;border-color:#555555;}.wp-block-kadence-advancedbtn.kt-btns367_f7a9e6-b7 .kt-btn-wrap-0 .kt-button:hover, .wp-block-kadence-advancedbtn.kt-btns367_f7a9e6-b7 .kt-btn-wrap-0 .kt-button:focus{color:#ffffff;border-color:#444444;}.wp-block-kadence-advancedbtn.kt-btns367_f7a9e6-b7 .kt-btn-wrap-0 .kt-button::before{display:none;}.wp-block-kadence-advancedbtn.kt-btns367_f7a9e6-b7 .kt-btn-wrap-0 .kt-button:hover, .wp-block-kadence-advancedbtn.kt-btns367_f7a9e6-b7 .kt-btn-wrap-0 .kt-button:focus{background:#444444;}<\/style>\n<div class=\"wp-block-kadence-advancedbtn kb-buttons-wrap kb-btns367_f7a9e6-b7\"><style>ul.menu .wp-block-kadence-advancedbtn .kb-btn367_39ee9a-68.kb-button{width:initial;}.wp-block-kadence-advancedbtn .kb-btn367_39ee9a-68.kb-button{color:#1daba0;font-family:Montserrat;font-weight:500;border-top-left-radius:500px;border-top-right-radius:500px;border-bottom-right-radius:500px;border-bottom-left-radius:500px;border-top-color:#1daba0;border-top-style:solid;border-right-color:#1daba0;border-right-style:solid;border-bottom-color:#1daba0;border-bottom-style:solid;border-left-color:#1daba0;border-left-style:solid;box-shadow:4px 4px 5px 0px rgba(0, 0, 0, 0.2);}.wp-block-kadence-advancedbtn .kb-btn367_39ee9a-68.kb-button:hover, .wp-block-kadence-advancedbtn .kb-btn367_39ee9a-68.kb-button:focus{color:var(--global-palette8, #F7FAFC);background:#1daba0;}@media all and (max-width: 1024px){.wp-block-kadence-advancedbtn .kb-btn367_39ee9a-68.kb-button{border-top-color:#1daba0;border-top-style:solid;border-right-color:#1daba0;border-right-style:solid;border-bottom-color:#1daba0;border-bottom-style:solid;border-left-color:#1daba0;border-left-style:solid;}}@media all and (max-width: 767px){.wp-block-kadence-advancedbtn .kb-btn367_39ee9a-68.kb-button{border-top-color:#1daba0;border-top-style:solid;border-right-color:#1daba0;border-right-style:solid;border-bottom-color:#1daba0;border-bottom-style:solid;border-left-color:#1daba0;border-left-style:solid;}}<\/style><a class=\"kb-button kt-button button kb-btn367_39ee9a-68 kt-btn-size-small kt-btn-width-type-auto kb-btn-global-outline  kt-btn-has-text-true kt-btn-has-svg-false  wp-block-kadence-singlebtn\" href=\"https:\/\/ibapnet.org.br\/congresso2013\/\" target=\"_blank\" rel=\"noreferrer noopener\"><span class=\"kt-btn-inner-text\">Mais informa\u00e7\u00f5es<\/span><\/a><\/div>\n\n\n\n<p><\/p>\n","protected":false},"excerpt":{"rendered":"<p>IX Congreso Iberoamericano de Evaluaci\u00f3n Psicol\u00f3gica (Maceio &#8211; Brasil) O VI Congresso Brasileiro de Avalia\u00e7\u00e3o Psicol\u00f3gica ocorreu em junho de 2013 em Macei\u00f3 e contou com aproximadamente 400 p\u00f4steres, 70 mesas redondas, 30 cursos e 20 confer\u00eancias de convidados nacionais e internacionais. Tendo como tema \u201cAvalia\u00e7\u00e3o psicol\u00f3gica: direito de todos, dever do psic\u00f3logo\u201d, o evento,&#8230;<\/p>\n","protected":false},"author":174771,"featured_media":126,"parent":22,"menu_order":2,"comment_status":"closed","ping_status":"closed","template":"","meta":{"_kadence_starter_templates_imported_post":false,"_kad_post_transparent":"","_kad_post_title":"","_kad_post_layout":"","_kad_post_sidebar_id":"","_kad_post_content_style":"boxed","_kad_post_vertical_padding":"hide","_kad_post_feature":"hide","_kad_post_feature_position":"","_kad_post_header":false,"_kad_post_footer":false,"_kad_post_classname":"","footnotes":""},"class_list":["post-367","page","type-page","status-publish","has-post-thumbnail","hentry"],"_links":{"self":[{"href":"https:\/\/aidep-aidap.org\/pt\/wp-json\/wp\/v2\/pages\/367","targetHints":{"allow":["GET"]}}],"collection":[{"href":"https:\/\/aidep-aidap.org\/pt\/wp-json\/wp\/v2\/pages"}],"about":[{"href":"https:\/\/aidep-aidap.org\/pt\/wp-json\/wp\/v2\/types\/page"}],"author":[{"embeddable":true,"href":"https:\/\/aidep-aidap.org\/pt\/wp-json\/wp\/v2\/users\/174771"}],"replies":[{"embeddable":true,"href":"https:\/\/aidep-aidap.org\/pt\/wp-json\/wp\/v2\/comments?post=367"}],"version-history":[{"count":3,"href":"https:\/\/aidep-aidap.org\/pt\/wp-json\/wp\/v2\/pages\/367\/revisions"}],"predecessor-version":[{"id":370,"href":"https:\/\/aidep-aidap.org\/pt\/wp-json\/wp\/v2\/pages\/367\/revisions\/370"}],"up":[{"embeddable":true,"href":"https:\/\/aidep-aidap.org\/pt\/wp-json\/wp\/v2\/pages\/22"}],"wp:featuredmedia":[{"embeddable":true,"href":"https:\/\/aidep-aidap.org\/pt\/wp-json\/wp\/v2\/media\/126"}],"wp:attachment":[{"href":"https:\/\/aidep-aidap.org\/pt\/wp-json\/wp\/v2\/media?parent=367"}],"curies":[{"name":"wp","href":"https:\/\/api.w.org\/{rel}","templated":true}]}}