{"id":361,"date":"2026-04-04T20:59:47","date_gmt":"2026-04-04T20:59:47","guid":{"rendered":"https:\/\/aidep-aidap.org\/?page_id=361"},"modified":"2026-04-04T21:02:20","modified_gmt":"2026-04-04T21:02:20","slug":"x-congresso-ibero-americano-de-diagnostico-e-avaliacao-psicologica-coimbra-portugal","status":"publish","type":"page","link":"https:\/\/aidep-aidap.org\/pt\/congressos\/x-congresso-ibero-americano-de-diagnostico-e-avaliacao-psicologica-coimbra-portugal\/","title":{"rendered":"X Congresso Ibero-americano de Diagn\u00f3stico e Avalia\u00e7\u00e3o Psicol\u00f3gica (Coimbra-Portugal)"},"content":{"rendered":"\n<h1 class=\"wp-block-heading has--font-size\">X Congresso Ibero-americano de Diagn\u00f3stico e Avalia\u00e7\u00e3o Psicol\u00f3gica (Coimbra-Portugal)<\/h1>\n\n\n\n<p><strong>O 10\u00ba&nbsp;<em>Congresso&nbsp;<\/em><\/strong><strong><em>Ibero-americano<\/em><\/strong><strong><em>&nbsp;de Diagn\u00f3stico e Avalia\u00e7\u00e3o Psicol\u00f3gica<\/em>&nbsp;teve lugar na cidade de Coimbra, sede da mais antiga universidade portuguesa, nos dias 6 a 8 de setembro de 2018.<\/strong><\/p>\n\n\n\n<p>Nem sempre devidamente respeitada e considerada, inclusive no seio dos pr\u00f3prios psic\u00f3logos, a avalia\u00e7\u00e3o psicol\u00f3gica integra o n\u00facleo identit\u00e1rio e hist\u00f3rico da Psicologia e dos seus profissionais. Para esta relev\u00e2ncia muito contribui a solicita\u00e7\u00e3o da avalia\u00e7\u00e3o psicol\u00f3gica por diversos grupos profissionais e a sua necessidade na pondera\u00e7\u00e3o de diversos problemas sociais.<br>Por tudo isto, os congressos sobre AVALIA\u00c7\u00c3O PSICOL\u00d3GICA s\u00e3o oportunidades de rejuvenescimento e de empoderamento da psicologia como ci\u00eancia, \u00e1rea de forma\u00e7\u00e3o e de interven\u00e7\u00e3o. Tais congressos s\u00e3o oportunidades onde se apresentam novos instrumentos e procedimentos de avalia\u00e7\u00e3o, onde se documenta a validade e precis\u00e3o dos instrumentos em utiliza\u00e7\u00e3o, ou onde se discute a relev\u00e2ncia do relativismo cultural na avalia\u00e7\u00e3o psicol\u00f3gica ou os procedimentos \u00e9ticos a respeitar na sua prossecu\u00e7\u00e3o.<br>Tudo isto ocorreu no X Congresso da AIDAP, partilhado por congressistas de mais de uma dezena de pa\u00edses, justificando os agradecimentos e parab\u00e9ns aos colegas da Universidade de Coimbra que assumiram a sua organiza\u00e7\u00e3o. O X Congresso da AIDAP fortaleceu a AIDEP\/AIDAP na prossecu\u00e7\u00e3o dos seus objetivos.<\/p>\n\n\n\n<p>Prof. Doutor Leandro Almeida | Presidente do Congresso<\/p>\n","protected":false},"excerpt":{"rendered":"<p>X Congresso Ibero-americano de Diagn\u00f3stico e Avalia\u00e7\u00e3o Psicol\u00f3gica (Coimbra-Portugal) O 10\u00ba&nbsp;Congresso&nbsp;Ibero-americano&nbsp;de Diagn\u00f3stico e Avalia\u00e7\u00e3o Psicol\u00f3gica&nbsp;teve lugar na cidade de Coimbra, sede da mais antiga universidade portuguesa, nos dias 6 a 8 de setembro de 2018. Nem sempre devidamente respeitada e considerada, inclusive no seio dos pr\u00f3prios psic\u00f3logos, a avalia\u00e7\u00e3o psicol\u00f3gica integra o n\u00facleo identit\u00e1rio e&#8230;<\/p>\n","protected":false},"author":174771,"featured_media":126,"parent":22,"menu_order":1,"comment_status":"closed","ping_status":"closed","template":"","meta":{"_kadence_starter_templates_imported_post":false,"_kad_post_transparent":"","_kad_post_title":"","_kad_post_layout":"","_kad_post_sidebar_id":"","_kad_post_content_style":"boxed","_kad_post_vertical_padding":"hide","_kad_post_feature":"hide","_kad_post_feature_position":"","_kad_post_header":false,"_kad_post_footer":false,"_kad_post_classname":"","footnotes":""},"class_list":["post-361","page","type-page","status-publish","has-post-thumbnail","hentry"],"_links":{"self":[{"href":"https:\/\/aidep-aidap.org\/pt\/wp-json\/wp\/v2\/pages\/361","targetHints":{"allow":["GET"]}}],"collection":[{"href":"https:\/\/aidep-aidap.org\/pt\/wp-json\/wp\/v2\/pages"}],"about":[{"href":"https:\/\/aidep-aidap.org\/pt\/wp-json\/wp\/v2\/types\/page"}],"author":[{"embeddable":true,"href":"https:\/\/aidep-aidap.org\/pt\/wp-json\/wp\/v2\/users\/174771"}],"replies":[{"embeddable":true,"href":"https:\/\/aidep-aidap.org\/pt\/wp-json\/wp\/v2\/comments?post=361"}],"version-history":[{"count":4,"href":"https:\/\/aidep-aidap.org\/pt\/wp-json\/wp\/v2\/pages\/361\/revisions"}],"predecessor-version":[{"id":366,"href":"https:\/\/aidep-aidap.org\/pt\/wp-json\/wp\/v2\/pages\/361\/revisions\/366"}],"up":[{"embeddable":true,"href":"https:\/\/aidep-aidap.org\/pt\/wp-json\/wp\/v2\/pages\/22"}],"wp:featuredmedia":[{"embeddable":true,"href":"https:\/\/aidep-aidap.org\/pt\/wp-json\/wp\/v2\/media\/126"}],"wp:attachment":[{"href":"https:\/\/aidep-aidap.org\/pt\/wp-json\/wp\/v2\/media?parent=361"}],"curies":[{"name":"wp","href":"https:\/\/api.w.org\/{rel}","templated":true}]}}