{"id":30,"date":"2026-03-14T19:01:03","date_gmt":"2026-03-14T19:01:03","guid":{"rendered":"https:\/\/aidep-aidap.org\/?page_id=30"},"modified":"2026-04-04T23:25:50","modified_gmt":"2026-04-04T23:25:50","slug":"normas-para-os-autores","status":"publish","type":"page","link":"https:\/\/aidep-aidap.org\/pt\/normas-para-os-autores\/","title":{"rendered":"Normas para os autores"},"content":{"rendered":"\n<h3 class=\"wp-block-heading\">Normas para os autores<\/h3>\n\n\n\n<p>Descarregue aqui as normas para os autores.<\/p>\n\n\n\n<p><a href=\"\/documentos\/Normasparaautores_Jan_2022.pdf\" target=\"_blank\" rel=\"noreferrer noopener\"><strong>Descarregar<\/strong><\/a><\/p>\n\n\n\n<p>A&nbsp;<em>Revista Iberoamericana de Diagn\u00f3stico y Evaluaci\u00f3n &#8211; e Avalia\u00e7\u00e3o Psicol\u00f3gica (Rev Iberoam Diagn Ev; RIDEP)&nbsp;<\/em>publica quatro n\u00fameros por ano, um por trimestre, com artigos que apresentam diferentes perspetivas te\u00f3ricas e metodol\u00f3gicas nas \u00e1reas do diagn\u00f3stico e da avalia\u00e7\u00e3o psicol\u00f3gicos.<\/p>\n\n\n\n<p><strong>Linhas gerais<\/strong><\/p>\n\n\n\n<ol style=\"padding-top:0;padding-bottom:0;line-height:1.6\" class=\"wp-block-list\">\n<li style=\"border-style:none;border-width:0px;border-top-left-radius:0px;border-top-right-radius:0px;border-bottom-left-radius:0px;border-bottom-right-radius:0px;margin-top:var(--wp--preset--spacing--30);margin-bottom:var(--wp--preset--spacing--30);line-height:1.5\">Os trabalhos devem ser originais e in\u00e9ditos e n\u00e3o se encontrarem apresentados para publica\u00e7\u00e3o noutra revista. A revista aceita manuscritos em portugu\u00eas ou em espanhol, exclusivamente.<\/li>\n\n\n\n<li style=\"border-style:none;border-width:0px;border-top-left-radius:0px;border-top-right-radius:0px;border-bottom-left-radius:0px;border-bottom-right-radius:0px;margin-top:var(--wp--preset--spacing--30);margin-bottom:var(--wp--preset--spacing--30);line-height:1.5\">Os trabalhos dever\u00e3o observar, em todas as suas sec\u00e7\u00f5es, as orienta\u00e7\u00f5es do&nbsp;<em>Manual de Estilo de Publica\u00e7\u00f5es&nbsp;<\/em>da American Psychological Association, 7\u00aa edi\u00e7\u00e3o (2020).<\/li>\n\n\n\n<li style=\"border-style:none;border-width:0px;border-top-left-radius:0px;border-top-right-radius:0px;border-bottom-left-radius:0px;border-bottom-right-radius:0px;margin-top:var(--wp--preset--spacing--30);margin-bottom:var(--wp--preset--spacing--30);line-height:1.5\">O t\u00edtulo em portugu\u00eas e ingl\u00eas, ou espanhol e ingl\u00eas, dever\u00e1 ser claro e preciso e conter as vari\u00e1veis da investiga\u00e7\u00e3o. Deve ser indicado um t\u00edtulo curto (m\u00e1ximo 70 caracteres) para inserir no cabe\u00e7alho.<\/li>\n\n\n\n<li style=\"border-style:none;border-width:0px;border-top-left-radius:0px;border-top-right-radius:0px;border-bottom-left-radius:0px;border-bottom-right-radius:0px;margin-top:var(--wp--preset--spacing--30);margin-bottom:var(--wp--preset--spacing--30);line-height:1.5\">O(s) autor(es) e respetiva(s) institui\u00e7\u00e3o(\u00f5es) dever\u00e3o constar da primeira folha:\n<ul class=\"wp-block-list\">\n<li>Nome e apelido<\/li>\n\n\n\n<li>T\u00edtulo de gradua\u00e7\u00e3o ou p\u00f3s-gradua\u00e7\u00e3o<\/li>\n\n\n\n<li>Cargo na institui\u00e7\u00e3o a que pertence<\/li>\n\n\n\n<li>Institui\u00e7\u00e3o a que pertence (nome por extenso)<\/li>\n\n\n\n<li>Dire\u00e7\u00e3o postal<\/li>\n\n\n\n<li>Telefone<\/li>\n\n\n\n<li>Correio eletr\u00f3nico<\/li>\n<\/ul>\n<\/li>\n\n\n\n<li style=\"border-style:none;border-width:0px;border-top-left-radius:0px;border-top-right-radius:0px;border-bottom-left-radius:0px;border-bottom-right-radius:0px;margin-top:var(--wp--preset--spacing--30);margin-bottom:var(--wp--preset--spacing--30);line-height:1.5\">Pelo menos um dos autores deve ser psic\u00f3logo ou doutorado em psicologia.<\/li>\n\n\n\n<li style=\"border-style:none;border-width:0px;border-top-left-radius:0px;border-top-right-radius:0px;border-bottom-left-radius:0px;border-bottom-right-radius:0px;margin-top:var(--wp--preset--spacing--30);margin-bottom:var(--wp--preset--spacing--30);line-height:1.5\">Todos os trabalhos dever\u00e3o conter dois resumos, em portugu\u00eas e ingl\u00eas, ou espanhol e ingl\u00eas, de 100 a 150 palavras, assim como uma lista de duas a cinco palavras-chave na mesma l\u00edngua dos resumos. O resumo em ingl\u00eas dever\u00e1 ter sido revisto por um tradutor qualificado.<\/li>\n\n\n\n<li style=\"border-style:none;border-width:0px;border-top-left-radius:0px;border-top-right-radius:0px;border-bottom-left-radius:0px;border-bottom-right-radius:0px;margin-top:var(--wp--preset--spacing--30);margin-bottom:var(--wp--preset--spacing--30);line-height:1.5\">Os artigos ter\u00e3o uma extens\u00e3o m\u00e1xima de 30 p\u00e1ginas A4, com 3 cm em todas as margens, 1 \u00bd espa\u00e7o, em letra Arial, tamanho 12, incluindo tabelas, figuras e refer\u00eancias.<\/li>\n\n\n\n<li style=\"border-style:none;border-width:0px;border-top-left-radius:0px;border-top-right-radius:0px;border-bottom-left-radius:0px;border-bottom-right-radius:0px;margin-top:var(--wp--preset--spacing--30);margin-bottom:var(--wp--preset--spacing--30);line-height:1.5\">Os trabalhos dever\u00e3o observar um plano de apresenta\u00e7\u00e3o que compreender\u00e1 as seguintes sec\u00e7\u00f5es: introdu\u00e7\u00e3o, m\u00e9todo, resultados, discuss\u00e3o e refer\u00eancias.<\/li>\n\n\n\n<li style=\"border-style:none;border-width:0px;border-top-left-radius:0px;border-top-right-radius:0px;border-bottom-left-radius:0px;border-bottom-right-radius:0px;margin-top:var(--wp--preset--spacing--30);margin-bottom:var(--wp--preset--spacing--30);line-height:1.5\">No corpo do artigo, dever\u00e3o assinalar-se os locais onde inserir tabelas, gr\u00e1ficos e figuras, que dever\u00e3o ser enviados separadamente.<\/li>\n\n\n\n<li style=\"border-style:none;border-width:0px;border-top-left-radius:0px;border-top-right-radius:0px;border-bottom-left-radius:0px;border-bottom-right-radius:0px;margin-top:var(--wp--preset--spacing--30);margin-bottom:var(--wp--preset--spacing--30);line-height:1.5\">As tabelas ser\u00e3o enviadas em ficheiros separados, dever\u00e3o estar numerados e com uma legenda apropriada, respeitando as normas da APA. As tabelas devem ser autoexplicativas.<\/li>\n\n\n\n<li style=\"border-style:none;border-width:0px;border-top-left-radius:0px;border-top-right-radius:0px;border-bottom-left-radius:0px;border-bottom-right-radius:0px;margin-top:var(--wp--preset--spacing--30);margin-bottom:var(--wp--preset--spacing--30);line-height:1.5\">As figuras n\u00e3o dever\u00e3o exceder o tamanho de 21,5&#215;28,0 cm. No caso dos gr\u00e1ficos, os n\u00fameros, letras e legendas dever\u00e3o ter tamanho adequado, para que sejam leg\u00edveis ap\u00f3s uma redu\u00e7\u00e3o poss\u00edvel para uma largura m\u00e1xima de 8,5cm.<\/li>\n\n\n\n<li style=\"border-style:none;border-width:0px;border-top-left-radius:0px;border-top-right-radius:0px;border-bottom-left-radius:0px;border-bottom-right-radius:0px;margin-top:var(--wp--preset--spacing--30);margin-bottom:var(--wp--preset--spacing--30);line-height:1.5\">Nas refer\u00eancias bibliogr\u00e1ficas devem figurar pelo menos dois artigos anteriormente publicados na Revista Iberoamericana de Diagn\u00f3stico y Evaluaci\u00f3n &#8211; e Avalia\u00e7\u00e3o Psicol\u00f3gica.<\/li>\n<\/ol>\n","protected":false},"excerpt":{"rendered":"<p>Normas para os autores Descarregue aqui as normas para os autores. Descarregar A&nbsp;Revista Iberoamericana de Diagn\u00f3stico y Evaluaci\u00f3n &#8211; e Avalia\u00e7\u00e3o Psicol\u00f3gica (Rev Iberoam Diagn Ev; RIDEP)&nbsp;publica quatro n\u00fameros por ano, um por trimestre, com artigos que apresentam diferentes perspetivas te\u00f3ricas e metodol\u00f3gicas nas \u00e1reas do diagn\u00f3stico e da avalia\u00e7\u00e3o psicol\u00f3gicos. Linhas gerais<\/p>\n","protected":false},"author":174771,"featured_media":390,"parent":0,"menu_order":0,"comment_status":"closed","ping_status":"closed","template":"","meta":{"_kadence_starter_templates_imported_post":false,"_kad_post_transparent":"default","_kad_post_title":"default","_kad_post_layout":"default","_kad_post_sidebar_id":"","_kad_post_content_style":"boxed","_kad_post_vertical_padding":"hide","_kad_post_feature":"hide","_kad_post_feature_position":"","_kad_post_header":false,"_kad_post_footer":false,"_kad_post_classname":"","footnotes":""},"class_list":["post-30","page","type-page","status-publish","has-post-thumbnail","hentry"],"_links":{"self":[{"href":"https:\/\/aidep-aidap.org\/pt\/wp-json\/wp\/v2\/pages\/30","targetHints":{"allow":["GET"]}}],"collection":[{"href":"https:\/\/aidep-aidap.org\/pt\/wp-json\/wp\/v2\/pages"}],"about":[{"href":"https:\/\/aidep-aidap.org\/pt\/wp-json\/wp\/v2\/types\/page"}],"author":[{"embeddable":true,"href":"https:\/\/aidep-aidap.org\/pt\/wp-json\/wp\/v2\/users\/174771"}],"replies":[{"embeddable":true,"href":"https:\/\/aidep-aidap.org\/pt\/wp-json\/wp\/v2\/comments?post=30"}],"version-history":[{"count":7,"href":"https:\/\/aidep-aidap.org\/pt\/wp-json\/wp\/v2\/pages\/30\/revisions"}],"predecessor-version":[{"id":432,"href":"https:\/\/aidep-aidap.org\/pt\/wp-json\/wp\/v2\/pages\/30\/revisions\/432"}],"wp:featuredmedia":[{"embeddable":true,"href":"https:\/\/aidep-aidap.org\/pt\/wp-json\/wp\/v2\/media\/390"}],"wp:attachment":[{"href":"https:\/\/aidep-aidap.org\/pt\/wp-json\/wp\/v2\/media?parent=30"}],"curies":[{"name":"wp","href":"https:\/\/api.w.org\/{rel}","templated":true}]}}