{"id":20,"date":"2026-03-14T19:00:10","date_gmt":"2026-03-14T19:00:10","guid":{"rendered":"https:\/\/aidep-aidap.org\/?page_id=20"},"modified":"2026-04-04T20:46:23","modified_gmt":"2026-04-04T20:46:23","slug":"como-tornar-se-associado","status":"publish","type":"page","link":"https:\/\/aidep-aidap.org\/pt\/institucional\/como-tornar-se-associado\/","title":{"rendered":"Como tornar-se associado?"},"content":{"rendered":"\n<h1 class=\"wp-block-heading has--font-size\">Como tornar-se associado?<\/h1>\n\n\n\n<p><br>Apenas os associados da AIDEP-AIDAP podem propor os seus manuscritos para publica\u00e7\u00e3o na RIDEP e t\u00eam direito a receber informa\u00e7\u00e3o sobre congressos e outros eventos enviada pela Associa\u00e7\u00e3o.<\/p>\n\n\n\n<p>Para solicitar a sua inscri\u00e7\u00e3o na AIDEP-AIDAP ou para renovar os seus dados, dever\u00e1 preencher a seguinte\u00a0<strong><a href=\"https:\/\/forms.gle\/tGpT2Lbua2efaQ2D9\" target=\"_blank\" rel=\"noreferrer noopener\">ficha<\/a><\/strong>. Ap\u00f3s o preenchimento receber\u00e1 um mail com indica\u00e7\u00f5es para efetuar o pagamento da quota.<\/p>\n\n\n\n<p>Segundo os estatutos, a admiss\u00e3o como associado da AIDEP-AIDAP requer o exerc\u00edcio de uma profiss\u00e3o universit\u00e1ria ou atividade relacionada com a pr\u00e1tica do Diagn\u00f3stico Psicol\u00f3gico e da Avalia\u00e7\u00e3o Psicol\u00f3gica, que ateste a posse da forma\u00e7\u00e3o e experi\u00eancia no campo, segundo o parecer da Dire\u00e7\u00e3o.<\/p>\n\n\n\n<p>Entende-se, em geral, que esta condi\u00e7\u00e3o implica uma forma\u00e7\u00e3o b\u00e1sica em Psicologia. Ressalvam-se casos excecionais a ponderar pela Dire\u00e7\u00e3o.<\/p>\n\n\n\n<p><\/p>\n","protected":false},"excerpt":{"rendered":"<p>Como tornar-se associado? Apenas os associados da AIDEP-AIDAP podem propor os seus manuscritos para publica\u00e7\u00e3o na RIDEP e t\u00eam direito a receber informa\u00e7\u00e3o sobre congressos e outros eventos enviada pela Associa\u00e7\u00e3o. Para solicitar a sua inscri\u00e7\u00e3o na AIDEP-AIDAP ou para renovar os seus dados, dever\u00e1 preencher a seguinte\u00a0ficha. Ap\u00f3s o preenchimento receber\u00e1 um mail com&#8230;<\/p>\n","protected":false},"author":174771,"featured_media":144,"parent":12,"menu_order":4,"comment_status":"closed","ping_status":"closed","template":"","meta":{"_kadence_starter_templates_imported_post":false,"_kad_post_transparent":"default","_kad_post_title":"default","_kad_post_layout":"default","_kad_post_sidebar_id":"","_kad_post_content_style":"boxed","_kad_post_vertical_padding":"hide","_kad_post_feature":"hide","_kad_post_feature_position":"","_kad_post_header":false,"_kad_post_footer":false,"_kad_post_classname":"","footnotes":""},"class_list":["post-20","page","type-page","status-publish","has-post-thumbnail","hentry"],"_links":{"self":[{"href":"https:\/\/aidep-aidap.org\/pt\/wp-json\/wp\/v2\/pages\/20","targetHints":{"allow":["GET"]}}],"collection":[{"href":"https:\/\/aidep-aidap.org\/pt\/wp-json\/wp\/v2\/pages"}],"about":[{"href":"https:\/\/aidep-aidap.org\/pt\/wp-json\/wp\/v2\/types\/page"}],"author":[{"embeddable":true,"href":"https:\/\/aidep-aidap.org\/pt\/wp-json\/wp\/v2\/users\/174771"}],"replies":[{"embeddable":true,"href":"https:\/\/aidep-aidap.org\/pt\/wp-json\/wp\/v2\/comments?post=20"}],"version-history":[{"count":4,"href":"https:\/\/aidep-aidap.org\/pt\/wp-json\/wp\/v2\/pages\/20\/revisions"}],"predecessor-version":[{"id":322,"href":"https:\/\/aidep-aidap.org\/pt\/wp-json\/wp\/v2\/pages\/20\/revisions\/322"}],"up":[{"embeddable":true,"href":"https:\/\/aidep-aidap.org\/pt\/wp-json\/wp\/v2\/pages\/12"}],"wp:featuredmedia":[{"embeddable":true,"href":"https:\/\/aidep-aidap.org\/pt\/wp-json\/wp\/v2\/media\/144"}],"wp:attachment":[{"href":"https:\/\/aidep-aidap.org\/pt\/wp-json\/wp\/v2\/media?parent=20"}],"curies":[{"name":"wp","href":"https:\/\/api.w.org\/{rel}","templated":true}]}}