{"id":16,"date":"2026-03-14T18:59:47","date_gmt":"2026-03-14T18:59:47","guid":{"rendered":"https:\/\/aidep-aidap.org\/?page_id=16"},"modified":"2026-04-04T17:08:12","modified_gmt":"2026-04-04T17:08:12","slug":"quotas-e-metodos-de-pagamento","status":"publish","type":"page","link":"https:\/\/aidep-aidap.org\/pt\/quotas-e-metodos-de-pagamento\/","title":{"rendered":"Quotas e M\u00e9todos de Pagamento"},"content":{"rendered":"<style>.wp-block-kadence-advancedheading.kt-adv-heading16_889879-80, .wp-block-kadence-advancedheading.kt-adv-heading16_889879-80[data-kb-block=\"kb-adv-heading16_889879-80\"]{font-style:normal;}.wp-block-kadence-advancedheading.kt-adv-heading16_889879-80 mark.kt-highlight, .wp-block-kadence-advancedheading.kt-adv-heading16_889879-80[data-kb-block=\"kb-adv-heading16_889879-80\"] mark.kt-highlight{font-style:normal;color:#f76a0c;-webkit-box-decoration-break:clone;box-decoration-break:clone;padding-top:0px;padding-right:0px;padding-bottom:0px;padding-left:0px;}.wp-block-kadence-advancedheading.kt-adv-heading16_889879-80 img.kb-inline-image, .wp-block-kadence-advancedheading.kt-adv-heading16_889879-80[data-kb-block=\"kb-adv-heading16_889879-80\"] img.kb-inline-image{width:150px;vertical-align:baseline;}<\/style>\n<h1 class=\"kt-adv-heading16_889879-80 wp-block-kadence-advancedheading\" data-kb-block=\"kb-adv-heading16_889879-80\">Quotas e M\u00e9todo de Pagamento<\/h1>\n\n\n<style>.wp-block-kadence-advancedheading.kt-adv-heading16_b565dc-19, .wp-block-kadence-advancedheading.kt-adv-heading16_b565dc-19[data-kb-block=\"kb-adv-heading16_b565dc-19\"]{font-style:normal;}.wp-block-kadence-advancedheading.kt-adv-heading16_b565dc-19 mark.kt-highlight, .wp-block-kadence-advancedheading.kt-adv-heading16_b565dc-19[data-kb-block=\"kb-adv-heading16_b565dc-19\"] mark.kt-highlight{font-style:normal;color:#f76a0c;-webkit-box-decoration-break:clone;box-decoration-break:clone;padding-top:0px;padding-right:0px;padding-bottom:0px;padding-left:0px;}.wp-block-kadence-advancedheading.kt-adv-heading16_b565dc-19 img.kb-inline-image, .wp-block-kadence-advancedheading.kt-adv-heading16_b565dc-19[data-kb-block=\"kb-adv-heading16_b565dc-19\"] img.kb-inline-image{width:150px;vertical-align:baseline;}<\/style>\n<h5 class=\"kt-adv-heading16_b565dc-19 wp-block-kadence-advancedheading\" data-kb-block=\"kb-adv-heading16_b565dc-19\"><br>USA e\u00a0Europa<\/h5>\n\n\n\n<ul class=\"wp-block-list\">\n<li>Associados: 80 euros<\/li>\n<\/ul>\n\n\n\n<h5 class=\"wp-block-heading\">Am\u00e9rica Latina<\/h5>\n\n\n\n<ul class=\"wp-block-list\">\n<li>Associados:\u00a050 euros<\/li>\n<\/ul>\n\n\n\n<p><strong>Existem diferentes modalidades para pagar a quota anual de acordo com o pa\u00eds de resid\u00eancia.<\/strong><\/p>\n\n\n\n<p><strong>Os membros ou autores que residam fora de Portugal ou Espanha podem pagar a sua quota utilizando um cart\u00e3o de cr\u00e9dito atrav\u00e9s do sistema PayPal.<\/strong><\/p>\n\n\n\n<h4 class=\"wp-block-heading\">Pagamento com cart\u00e3o de cr\u00e9dito<\/h4>\n\n\n\n<p>O pagamento da quota anual pode realizar-se atrav\u00e9s do sistema PayPal, em\u00a0euros, atrav\u00e9s dos cart\u00f5es de cr\u00e9dito Visa, American Express e Master Card.<br>Nas op\u00e7\u00f5es abaixo, selecione a op\u00e7\u00e3o que corresponde \u00e0 sua situa\u00e7\u00e3o. Siga as instru\u00e7\u00f5es do PayPal.<br>O PayPal produzir\u00e1 um comprovativo v\u00e1lido para a AIDEP-AIDAP e para outras institui\u00e7\u00f5es. Se precisa dum comprovativo doutro tipo, contacte a associa\u00e7\u00e3o:\u00a0<a href=\"mailto:associacaoaidap@gmail.com\" data-type=\"mailto\" data-id=\"mailto:associacaoaidap@gmail.com\"><strong>associacaoaidap@gmail.com<\/strong><\/a><\/p>\n\n\n\n<p><strong>IMPORTANTE: O sistema regista a sua inscri\u00e7\u00e3o para o d\u00e9bito anual da quota. Se n\u00e3o deseja renovar a sua inscri\u00e7\u00e3o no ano seguinte, deve indicar isso mesmo nas op\u00e7\u00f5es apresentadas pelo PayPal.<\/strong><\/p>\n\n\n\n<p><strong>Pagamentos: EUROPA e\u00a0USA<\/strong><\/p>\n\n\n\n<p><strong>Quota &#8211; 80 EURO<\/strong><\/p>\n\n\n\n<p><strong>Ajuda \u00e0 Publica\u00e7\u00e3o &#8211; 100 EURO&nbsp;<\/strong><\/p>\n\n\n\n<figure class=\"wp-block-image size-full is-resized\"><a href=\"https:\/\/paypal.me\/ridep\" target=\"_blank\" rel=\" noreferrer noopener\"><img loading=\"lazy\" decoding=\"async\" width=\"197\" height=\"49\" src=\"https:\/\/aidep-aidap.org\/wp-content\/uploads\/2026\/04\/image.png\" alt=\"\" class=\"wp-image-324\" style=\"width:197px;height:auto\" srcset=\"https:\/\/aidep-aidap.org\/wp-content\/uploads\/2026\/04\/image.png 197w, https:\/\/aidep-aidap.org\/wp-content\/uploads\/2026\/04\/image-18x4.png 18w\" sizes=\"auto, (max-width: 197px) 100vw, 197px\" \/><\/a><\/figure>\n\n\n\n<h6 class=\"wp-block-heading\">&nbsp;<\/h6>\n\n\n\n<p><strong>Pagamentos: AM\u00c9RICA LATINA&nbsp;<\/strong><\/p>\n\n\n\n<p><strong>Quota &#8211; 50 EURO<\/strong><\/p>\n\n\n\n<p><strong>Ajuda \u00e0 Publica\u00e7\u00e3o &#8211; 75&nbsp;EURO<\/strong><\/p>\n\n\n\n<figure class=\"wp-block-image size-full\"><a href=\"https:\/\/paypal.me\/ridep\" target=\"_blank\" rel=\" noreferrer noopener\"><img loading=\"lazy\" decoding=\"async\" width=\"197\" height=\"49\" src=\"https:\/\/aidep-aidap.org\/wp-content\/uploads\/2026\/04\/image.png\" alt=\"\" class=\"wp-image-324\" srcset=\"https:\/\/aidep-aidap.org\/wp-content\/uploads\/2026\/04\/image.png 197w, https:\/\/aidep-aidap.org\/wp-content\/uploads\/2026\/04\/image-18x4.png 18w\" sizes=\"auto, (max-width: 197px) 100vw, 197px\" \/><\/a><\/figure>\n\n\n\n<p><strong>Pagamento por transfer\u00eancia o dep\u00f3sito banc\u00e1rio<\/strong><\/p>\n\n\n\n<p>O pagamento pode fazer-se por transfer\u00eancia banc\u00e1ria para a conta da AIDAP. Se escolher esta op\u00e7\u00e3o deve enviar uma c\u00f3pia digitalizada do tal\u00e3o de dep\u00f3sito para\u00a0<strong><a href=\"mailto:associacaoaidap@gmail.com\" data-type=\"mailto\" data-id=\"mailto:associacaoaidap@gmail.com\">associacaoaidap@gmail.com<\/a><\/strong><\/p>\n\n\n\n<p><strong>Dados para a transfer\u00eancia banc\u00e1ria<br>Banco CGD<\/strong><br>IBAN: PT50003508240001202853047<br>NIB para transfer\u00eancia banc\u00e1ria : 003508240001202853047<br>Titular: AIDAP- Associa\u00e7\u00e3o Iberoamericana de Diagn\u00f3stico e Avalia\u00e7\u00e3o Psicol\u00f3gica<br>Faculdade de Psicologia<br>Alameda da Universidade<br>1649-013 Lisboa<br>Portugal<\/p>\n","protected":false},"excerpt":{"rendered":"<p>Quotas e M\u00e9todo de Pagamento USA e\u00a0Europa Am\u00e9rica Latina Existem diferentes modalidades para pagar a quota anual de acordo com o pa\u00eds de resid\u00eancia. Os membros ou autores que residam fora de Portugal ou Espanha podem pagar a sua quota utilizando um cart\u00e3o de cr\u00e9dito atrav\u00e9s do sistema PayPal. Pagamento com cart\u00e3o de cr\u00e9dito O&#8230;<\/p>\n","protected":false},"author":174771,"featured_media":144,"parent":0,"menu_order":0,"comment_status":"closed","ping_status":"closed","template":"","meta":{"_kadence_starter_templates_imported_post":false,"_kad_post_transparent":"default","_kad_post_title":"default","_kad_post_layout":"default","_kad_post_sidebar_id":"","_kad_post_content_style":"unboxed","_kad_post_vertical_padding":"show","_kad_post_feature":"hide","_kad_post_feature_position":"","_kad_post_header":false,"_kad_post_footer":false,"_kad_post_classname":"","footnotes":""},"class_list":["post-16","page","type-page","status-publish","has-post-thumbnail","hentry"],"_links":{"self":[{"href":"https:\/\/aidep-aidap.org\/pt\/wp-json\/wp\/v2\/pages\/16","targetHints":{"allow":["GET"]}}],"collection":[{"href":"https:\/\/aidep-aidap.org\/pt\/wp-json\/wp\/v2\/pages"}],"about":[{"href":"https:\/\/aidep-aidap.org\/pt\/wp-json\/wp\/v2\/types\/page"}],"author":[{"embeddable":true,"href":"https:\/\/aidep-aidap.org\/pt\/wp-json\/wp\/v2\/users\/174771"}],"replies":[{"embeddable":true,"href":"https:\/\/aidep-aidap.org\/pt\/wp-json\/wp\/v2\/comments?post=16"}],"version-history":[{"count":5,"href":"https:\/\/aidep-aidap.org\/pt\/wp-json\/wp\/v2\/pages\/16\/revisions"}],"predecessor-version":[{"id":330,"href":"https:\/\/aidep-aidap.org\/pt\/wp-json\/wp\/v2\/pages\/16\/revisions\/330"}],"wp:featuredmedia":[{"embeddable":true,"href":"https:\/\/aidep-aidap.org\/pt\/wp-json\/wp\/v2\/media\/144"}],"wp:attachment":[{"href":"https:\/\/aidep-aidap.org\/pt\/wp-json\/wp\/v2\/media?parent=16"}],"curies":[{"name":"wp","href":"https:\/\/api.w.org\/{rel}","templated":true}]}}