{"id":10,"date":"2026-03-14T18:59:21","date_gmt":"2026-03-14T18:59:21","guid":{"rendered":"https:\/\/aidep-aidap.org\/?page_id=10"},"modified":"2026-04-04T20:45:48","modified_gmt":"2026-04-04T20:45:48","slug":"o-que-e-a-aidep-aidap","status":"publish","type":"page","link":"https:\/\/aidep-aidap.org\/pt\/o-que-e-a-aidep-aidap\/","title":{"rendered":"O que \u00e9 a AIDEP\/AIDAP?"},"content":{"rendered":"<style>.wp-block-kadence-advancedheading.kt-adv-heading10_30074e-06, .wp-block-kadence-advancedheading.kt-adv-heading10_30074e-06[data-kb-block=\"kb-adv-heading10_30074e-06\"]{font-style:normal;}.wp-block-kadence-advancedheading.kt-adv-heading10_30074e-06 mark.kt-highlight, .wp-block-kadence-advancedheading.kt-adv-heading10_30074e-06[data-kb-block=\"kb-adv-heading10_30074e-06\"] mark.kt-highlight{font-style:normal;color:#f76a0c;-webkit-box-decoration-break:clone;box-decoration-break:clone;padding-top:0px;padding-right:0px;padding-bottom:0px;padding-left:0px;}.wp-block-kadence-advancedheading.kt-adv-heading10_30074e-06 img.kb-inline-image, .wp-block-kadence-advancedheading.kt-adv-heading10_30074e-06[data-kb-block=\"kb-adv-heading10_30074e-06\"] img.kb-inline-image{width:150px;vertical-align:baseline;}<\/style>\n<h1 class=\"kt-adv-heading10_30074e-06 wp-block-kadence-advancedheading\" data-kb-block=\"kb-adv-heading10_30074e-06\">O que \u00e9 a AIDEP\/AIDAP?<\/h1>\n\n\n<style>.wp-block-kadence-advancedheading.kt-adv-heading10_cb60ad-b2, .wp-block-kadence-advancedheading.kt-adv-heading10_cb60ad-b2[data-kb-block=\"kb-adv-heading10_cb60ad-b2\"]{font-style:normal;}.wp-block-kadence-advancedheading.kt-adv-heading10_cb60ad-b2 mark.kt-highlight, .wp-block-kadence-advancedheading.kt-adv-heading10_cb60ad-b2[data-kb-block=\"kb-adv-heading10_cb60ad-b2\"] mark.kt-highlight{font-style:normal;color:#f76a0c;-webkit-box-decoration-break:clone;box-decoration-break:clone;padding-top:0px;padding-right:0px;padding-bottom:0px;padding-left:0px;}.wp-block-kadence-advancedheading.kt-adv-heading10_cb60ad-b2 img.kb-inline-image, .wp-block-kadence-advancedheading.kt-adv-heading10_cb60ad-b2[data-kb-block=\"kb-adv-heading10_cb60ad-b2\"] img.kb-inline-image{width:150px;vertical-align:baseline;}<\/style>\n<p class=\"kt-adv-heading10_cb60ad-b2 wp-block-kadence-advancedheading\" data-kb-block=\"kb-adv-heading10_cb60ad-b2\">A <strong>Associa\u00e7\u00e3o Iberoamericana de Diagn\u00f3stico e Avalia\u00e7\u00e3o Psicol\u00f3gica<\/strong> (AIDEP-AIDAP) tem como finalidade a promo\u00e7\u00e3o e o desenvolvimento das \u00e1reas de investiga\u00e7\u00e3o te\u00f3ricas, t\u00e9cnicas e aplicadas do Diagn\u00f3stico Psicol\u00f3gico e da Avalia\u00e7\u00e3o Psicol\u00f3gica, nas suas diferentes conce\u00e7\u00f5es t\u00e9cnicas e em diferentes \u00e2mbitos de aplica\u00e7\u00e3o.<br><br>A Associa\u00e7\u00e3o encontra-se aberta a todo o espa\u00e7o ibero-americano, tendo atualmente associados dos seguintes pa\u00edses: <strong>A<\/strong>rgentina <strong>B<\/strong>olivia <strong>B<\/strong>rasil <strong>C<\/strong>hile <strong>E<\/strong>spanha <strong>M<\/strong>\u00e9xico <strong>P<\/strong>er\u00fa <strong>P<\/strong>ortugal <strong>U<\/strong>ruguai <strong>E<\/strong>stados Unidos <strong>V<\/strong>enezuela.<br>A RIDEP \u2013 <strong>Revista Iberoamericana de Diagn\u00f3stico y Evaluaci\u00f3n &#8211; e Avalia\u00e7\u00e3o Psicol\u00f3gica<\/strong> \u2013 \u00e9 a publica\u00e7\u00e3o oficial e peri\u00f3dica da Associa\u00e7\u00e3o.<\/p>\n\n\n<style>.wp-block-kadence-advancedheading.kt-adv-heading10_ad9211-87, .wp-block-kadence-advancedheading.kt-adv-heading10_ad9211-87[data-kb-block=\"kb-adv-heading10_ad9211-87\"]{font-style:normal;}.wp-block-kadence-advancedheading.kt-adv-heading10_ad9211-87 mark.kt-highlight, .wp-block-kadence-advancedheading.kt-adv-heading10_ad9211-87[data-kb-block=\"kb-adv-heading10_ad9211-87\"] mark.kt-highlight{font-style:normal;color:#f76a0c;-webkit-box-decoration-break:clone;box-decoration-break:clone;padding-top:0px;padding-right:0px;padding-bottom:0px;padding-left:0px;}.wp-block-kadence-advancedheading.kt-adv-heading10_ad9211-87 img.kb-inline-image, .wp-block-kadence-advancedheading.kt-adv-heading10_ad9211-87[data-kb-block=\"kb-adv-heading10_ad9211-87\"] img.kb-inline-image{width:150px;vertical-align:baseline;}<\/style>\n<h4 class=\"kt-adv-heading10_ad9211-87 wp-block-kadence-advancedheading\" data-kb-block=\"kb-adv-heading10_ad9211-87\">OBJETIVOS<\/h4>\n\n\n\n<ul class=\"wp-block-list has--font-size\">\n<li>Fomentar o interc\u00e2mbio de experi\u00eancias entre os membros, profissionais e investigadores dos pa\u00edses da comunidade Iberoamericana, no \u00e2mbito da investiga\u00e7\u00e3o te\u00f3rica, t\u00e9cnica e aplicada da avalia\u00e7\u00e3o e do diagn\u00f3stico psicol\u00f3gico.&nbsp;<\/li>\n\n\n\n<li>Desenvolver atividades de ordem cient\u00edfica e\/ou de divulga\u00e7\u00e3o, por si mesma ou em colabora\u00e7\u00e3o com associa\u00e7\u00f5es profissionais e institui\u00e7\u00f5es de ensino superior.<\/li>\n\n\n\n<li>Organizar, promover e divulgar a RIDEP \u2013&nbsp;<strong>Revista Iberoamericana de Diagn\u00f3stico y Evaluaci\u00f3n &#8211; e Avalia\u00e7\u00e3o Psicol\u00f3gica<\/strong>&nbsp;\u2013 assim como outras publica\u00e7\u00f5es e atividades desenvolvidas ou apoiadas pela Associa\u00e7\u00e3o.&nbsp;<\/li>\n<\/ul>\n\n\n<style>.wp-block-kadence-advancedheading.kt-adv-heading10_e594ff-8c, .wp-block-kadence-advancedheading.kt-adv-heading10_e594ff-8c[data-kb-block=\"kb-adv-heading10_e594ff-8c\"]{font-style:normal;}.wp-block-kadence-advancedheading.kt-adv-heading10_e594ff-8c mark.kt-highlight, .wp-block-kadence-advancedheading.kt-adv-heading10_e594ff-8c[data-kb-block=\"kb-adv-heading10_e594ff-8c\"] mark.kt-highlight{font-style:normal;color:#f76a0c;-webkit-box-decoration-break:clone;box-decoration-break:clone;padding-top:0px;padding-right:0px;padding-bottom:0px;padding-left:0px;}.wp-block-kadence-advancedheading.kt-adv-heading10_e594ff-8c img.kb-inline-image, .wp-block-kadence-advancedheading.kt-adv-heading10_e594ff-8c[data-kb-block=\"kb-adv-heading10_e594ff-8c\"] img.kb-inline-image{width:150px;vertical-align:baseline;}<\/style>\n<h4 class=\"kt-adv-heading10_e594ff-8c wp-block-kadence-advancedheading\" data-kb-block=\"kb-adv-heading10_e594ff-8c\">\u00c2MBITO<\/h4>\n\n\n\n<p>A AIDEP-AIDAP integra diferentes orienta\u00e7\u00f5es te\u00f3rico-metodol\u00f3gicas e privilegia uma \u00f3tica interdisciplinar na abordagem das suas principais tem\u00e1ticas:<\/p>\n\n\n\n<ul class=\"wp-block-list\">\n<li>Teorias e modelos em Diagn\u00f3stico e Avalia\u00e7\u00e3o Psicol\u00f3gica;<\/li>\n\n\n\n<li>Metodologia do Diagn\u00f3stico e Avalia\u00e7\u00e3o Psicol\u00f3gica;<\/li>\n\n\n\n<li>T\u00e9cnicas de Avalia\u00e7\u00e3o Psicol\u00f3gica;<\/li>\n\n\n\n<li>Avalia\u00e7\u00e3o de Crian\u00e7as e de Adolescentes;<\/li>\n\n\n\n<li>Avalia\u00e7\u00e3o de Adultos;<\/li>\n\n\n\n<li>Avalia\u00e7\u00e3o de Adultos mais velhos;<\/li>\n\n\n\n<li>Avalia\u00e7\u00e3o na modalidade de Grupos;<\/li>\n\n\n\n<li>Avalia\u00e7\u00e3o em Psicologia Cl\u00ednica e da Sa\u00fade;<\/li>\n\n\n\n<li>Avalia\u00e7\u00e3o em Psicologia Organizacional;<\/li>\n\n\n\n<li>Avalia\u00e7\u00e3o Neuropsicol\u00f3gica;<\/li>\n\n\n\n<li>Avalia\u00e7\u00e3o Educacional;<\/li>\n\n\n\n<li>Avalia\u00e7\u00e3o Forense;<\/li>\n\n\n\n<li>Avalia\u00e7\u00e3o Psicossocial e Cultural;<\/li>\n\n\n\n<li>Avalia\u00e7\u00e3o Ambiental;&nbsp;<\/li>\n\n\n\n<li>Epidemiologia e Avalia\u00e7\u00e3o Comunit\u00e1ria;<\/li>\n\n\n\n<li>Avalia\u00e7\u00e3o de Interven\u00e7\u00f5es e Programas.<\/li>\n<\/ul>\n\n\n<style>.wp-block-kadence-advancedheading.kt-adv-heading10_959b39-5c, .wp-block-kadence-advancedheading.kt-adv-heading10_959b39-5c[data-kb-block=\"kb-adv-heading10_959b39-5c\"]{font-style:normal;}.wp-block-kadence-advancedheading.kt-adv-heading10_959b39-5c mark.kt-highlight, .wp-block-kadence-advancedheading.kt-adv-heading10_959b39-5c[data-kb-block=\"kb-adv-heading10_959b39-5c\"] mark.kt-highlight{font-style:normal;color:#f76a0c;-webkit-box-decoration-break:clone;box-decoration-break:clone;padding-top:0px;padding-right:0px;padding-bottom:0px;padding-left:0px;}.wp-block-kadence-advancedheading.kt-adv-heading10_959b39-5c img.kb-inline-image, .wp-block-kadence-advancedheading.kt-adv-heading10_959b39-5c[data-kb-block=\"kb-adv-heading10_959b39-5c\"] img.kb-inline-image{width:150px;vertical-align:baseline;}<\/style>\n<h4 class=\"kt-adv-heading10_959b39-5c wp-block-kadence-advancedheading\" data-kb-block=\"kb-adv-heading10_959b39-5c\">HIST\u00d3RICO<\/h4>\n\n\n\n<ul class=\"wp-block-list has--font-size\">\n<li>A AIDEP-AIDAP foi criada em 1995. Os seus fundadores foram:<br>Prof\u00aa. &nbsp;Maria Martina Casullo, Universidade de Buenos Aires, Argentina<br>Prof. Alejandro \u00c1vila Espada, Universidade de Salamanca, Espanha<br>Prof. Danilo Rodrigues Silva, Universidade de Lisboa, Portugal<br>Prof\u00aa. \u00c2ngela M. B. Biagio, Universidade Federal do Rio Grande do Sul, Brasil<\/li>\n\n\n\n<li>O primeiro n\u00famero da&nbsp;<em>Revista Iberoamericana de Diagn\u00f3stico y Evaluaci\u00f3n &#8211; e Avalia\u00e7\u00e3o Psicol\u00f3gica<\/em>&nbsp;(RIDEP) foi publicado em julho de 1995<\/li>\n\n\n\n<li>Os n\u00fameros 1 a 15 da RIDEP foram publicados pela AIDEP a partir de Espanha.<\/li>\n\n\n\n<li>A sede da AIDEP foi transferida para a Argentina em 2004.<\/li>\n\n\n\n<li>Os n\u00fameros 16 a 38 da RIDEP foram publicados pela AIDEP a partir da Argentina.&nbsp;<\/li>\n\n\n\n<li>A sede da AIDEP foi transferida para Portugal em 2015.<\/li>\n\n\n\n<li>A partir de 2015 (N\u00ba39) a RIDEP come\u00e7ou a ser publicada exclusivamente&nbsp;<em>online<\/em>&nbsp;a partir de Portugal.<\/li>\n<\/ul>\n\n\n\n<p><\/p>\n","protected":false},"excerpt":{"rendered":"<p>O que \u00e9 a AIDEP\/AIDAP? A Associa\u00e7\u00e3o Iberoamericana de Diagn\u00f3stico e Avalia\u00e7\u00e3o Psicol\u00f3gica (AIDEP-AIDAP) tem como finalidade a promo\u00e7\u00e3o e o desenvolvimento das \u00e1reas de investiga\u00e7\u00e3o te\u00f3ricas, t\u00e9cnicas e aplicadas do Diagn\u00f3stico Psicol\u00f3gico e da Avalia\u00e7\u00e3o Psicol\u00f3gica, nas suas diferentes conce\u00e7\u00f5es t\u00e9cnicas e em diferentes \u00e2mbitos de aplica\u00e7\u00e3o. A Associa\u00e7\u00e3o encontra-se aberta a todo o&#8230;<\/p>\n","protected":false},"author":174771,"featured_media":315,"parent":0,"menu_order":0,"comment_status":"closed","ping_status":"closed","template":"","meta":{"_kadence_starter_templates_imported_post":false,"_kad_post_transparent":"default","_kad_post_title":"default","_kad_post_layout":"default","_kad_post_sidebar_id":"","_kad_post_content_style":"boxed","_kad_post_vertical_padding":"hide","_kad_post_feature":"hide","_kad_post_feature_position":"","_kad_post_header":false,"_kad_post_footer":false,"_kad_post_classname":"","footnotes":""},"class_list":["post-10","page","type-page","status-publish","has-post-thumbnail","hentry"],"_links":{"self":[{"href":"https:\/\/aidep-aidap.org\/pt\/wp-json\/wp\/v2\/pages\/10","targetHints":{"allow":["GET"]}}],"collection":[{"href":"https:\/\/aidep-aidap.org\/pt\/wp-json\/wp\/v2\/pages"}],"about":[{"href":"https:\/\/aidep-aidap.org\/pt\/wp-json\/wp\/v2\/types\/page"}],"author":[{"embeddable":true,"href":"https:\/\/aidep-aidap.org\/pt\/wp-json\/wp\/v2\/users\/174771"}],"replies":[{"embeddable":true,"href":"https:\/\/aidep-aidap.org\/pt\/wp-json\/wp\/v2\/comments?post=10"}],"version-history":[{"count":7,"href":"https:\/\/aidep-aidap.org\/pt\/wp-json\/wp\/v2\/pages\/10\/revisions"}],"predecessor-version":[{"id":334,"href":"https:\/\/aidep-aidap.org\/pt\/wp-json\/wp\/v2\/pages\/10\/revisions\/334"}],"wp:featuredmedia":[{"embeddable":true,"href":"https:\/\/aidep-aidap.org\/pt\/wp-json\/wp\/v2\/media\/315"}],"wp:attachment":[{"href":"https:\/\/aidep-aidap.org\/pt\/wp-json\/wp\/v2\/media?parent=10"}],"curies":[{"name":"wp","href":"https:\/\/api.w.org\/{rel}","templated":true}]}}