{"id":356,"date":"2026-04-04T20:53:26","date_gmt":"2026-04-04T20:53:26","guid":{"rendered":"https:\/\/aidep-aidap.org\/?page_id=356"},"modified":"2026-04-04T23:47:03","modified_gmt":"2026-04-04T23:47:03","slug":"xi-congresso-ibero-americano-de-diagnostico-e-avaliacao-psicologica-algarve-portugal","status":"publish","type":"page","link":"https:\/\/aidep-aidap.org\/es\/congressos\/xi-congresso-ibero-americano-de-diagnostico-e-avaliacao-psicologica-algarve-portugal\/","title":{"rendered":"XI Congresso Ibero-americano de Diagn\u00f3stico e Avalia\u00e7\u00e3o Psicol\u00f3gica (Algarve-Portugal)"},"content":{"rendered":"<style>.wp-block-kadence-advancedheading.kt-adv-heading356_fb9725-6d, .wp-block-kadence-advancedheading.kt-adv-heading356_fb9725-6d[data-kb-block=\"kb-adv-heading356_fb9725-6d\"]{font-style:normal;}.wp-block-kadence-advancedheading.kt-adv-heading356_fb9725-6d mark.kt-highlight, .wp-block-kadence-advancedheading.kt-adv-heading356_fb9725-6d[data-kb-block=\"kb-adv-heading356_fb9725-6d\"] mark.kt-highlight{font-style:normal;color:#f76a0c;-webkit-box-decoration-break:clone;box-decoration-break:clone;padding-top:0px;padding-right:0px;padding-bottom:0px;padding-left:0px;}.wp-block-kadence-advancedheading.kt-adv-heading356_fb9725-6d img.kb-inline-image, .wp-block-kadence-advancedheading.kt-adv-heading356_fb9725-6d[data-kb-block=\"kb-adv-heading356_fb9725-6d\"] img.kb-inline-image{width:150px;vertical-align:baseline;}<\/style>\n<h1 class=\"kt-adv-heading356_fb9725-6d wp-block-kadence-advancedheading\" data-kb-block=\"kb-adv-heading356_fb9725-6d\">XI Congresso Ibero-americano de Diagn\u00f3stico e Avalia\u00e7\u00e3o Psicol\u00f3gica (Algarve-Portugal)<\/h1>\n\n\n\n<h3 class=\"wp-block-heading\">AVALIA\u00c7\u00c3O PSICOL\u00d3GICA: MODELOS, METODOLOGIAS E APLICA\u00c7\u00d5ES<\/h3>\n\n\n\n<p>H\u00e1 tr\u00eas d\u00e9cadas, Alexandro \u00c1vila, \u00c2ngela Biaggio, Danilo Silva e Martina Casullo, reunidos num encontro em Madrid, tomaram a iniciativa de criar uma comunidade cient\u00edfica de pa\u00edses ibero-americanos dedicada especificamente \u00e0 avalia\u00e7\u00e3o psicol\u00f3gica e ao, ent\u00e3o designado, psicodiagn\u00f3stico.<br>Tr\u00eas anos mais tarde, em 1995, nasce a Asociaci\u00f3n Iberoamericana de Diagn\u00f3stico y Evaluaci\u00f3n Psicol\u00f3gica (AIDEP) sedeada primeiro em Espanha, a partir de 2004 na Argentina e, desde 2015, em Portugal (AIDAP).<br>A Associa\u00e7\u00e3o nasceu para promover o desenvolvimento e difundir, sobretudo no espa\u00e7o das l\u00ednguas espanhola e portuguesa, a investiga\u00e7\u00e3o te\u00f3rica, t\u00e9cnica e aplicada relativa \u00e0 avalia\u00e7\u00e3o e ao diagn\u00f3stico psicol\u00f3gico, nas suas diferentes conce\u00e7\u00f5es e vertentes de aplica\u00e7\u00e3o. Ao longo dos anos, o projeto foi-se erguendo e materializando com os contributos de muitos acad\u00e9micos, investigadores e psic\u00f3logos dos diversos pa\u00edses associados.<br>A Revista tem cumprido o seu papel central na Associa\u00e7\u00e3o, dando corpo e proje\u00e7\u00e3o \u00e0 vasta e crescente produ\u00e7\u00e3o cient\u00edfica realizada neste \u00e2mbito disciplinar, a qual tem vindo a merecer progressivo reconhecimento no dom\u00ednio internacional.<br>Para al\u00e9m dela, os Congressos t\u00eam-se constitu\u00eddo como frut\u00edferos encontros de reflex\u00e3o e partilha de saberes e experi\u00eancias entre os muitos participantes empenhados no desenvolvimento cient\u00edfico e t\u00e9cnico em torno da Avalia\u00e7\u00e3o Psicol\u00f3gica.<br>\u00c9 com grande satisfa\u00e7\u00e3o que, na qualidade de atual Presidente da Associa\u00e7\u00e3o (AIDAP\/AIDEP), eleita em 2019 e reeleita na Assembleia Geral de Associados realizada no presente ano de 2022, anuncio o pr\u00f3ximo congresso, o XI Congreso Iberoamericano de Evaluaci\u00f3n\/XI Congresso Iberoamericano de Avalia\u00e7\u00e3o Psicol\u00f3gica, que ter\u00e1 lugar nos&nbsp;<strong>dias 4 e 5 de maio de 2023<\/strong>, na&nbsp;<strong>Universidade do Algarve, em Faro (Portugal)<\/strong>.<br>Numa \u00e9poca primaveril na Europa e num local muito apraz\u00edvel e acolhedor, o Congresso realizar-se-\u00e1 em modalidade presencial e via streaming; segue a tradi\u00e7\u00e3o de um verdadeiro encontro f\u00edsico e, aproveitando as possibilidades e a familiaridade crescente no uso da tecnologia, abre caminho a novas formas de participa\u00e7\u00e3o e a uma maior ades\u00e3o de Colegas de diferentes latitudes e longitudes. Subordinado ao tema&nbsp;<strong>Avalia\u00e7\u00e3o Psicol\u00f3gica: Modelos, Metodologias e Aplica\u00e7\u00f5es<\/strong>, o Congresso procurar\u00e1 congregar e articular dom\u00ednios e t\u00f3picos diversos, da teoria, \u00e0 taxonomia, \u00e0 psicometria e \u00e0 interven\u00e7\u00e3o, representando os diversos contextos em que a avalia\u00e7\u00e3o psicol\u00f3gica \u00e9 requerida.<br>\u00c9 por isso incentivada a participa\u00e7\u00e3o de todos os interessados em partilhar ideias, projetos, propostas e estudos realizados nas diferentes \u00e1reas aplicadas, da educa\u00e7\u00e3o, \u00e0 forense, \u00e0 cl\u00ednica e sa\u00fade, e \u00e0s organiza\u00e7\u00f5es, de modo a fazer do Congresso um espa\u00e7o de encontro estimulante e mobilizador. Encontrar\u00e3o informa\u00e7\u00e3o mais especifica na p\u00e1gina do XI Congresso j\u00e1 em fase avan\u00e7ada de prepara\u00e7\u00e3o. A mobiliza\u00e7\u00e3o de todos os Associados enriquecer\u00e1 o Congresso, a Associa\u00e7\u00e3o e a Revista que a representa.<\/p>\n\n\n\n<p>Lisboa, Portugal<\/p>\n\n\n\n<p>Rosa F. Novo<\/p>\n\n\n\n<p>Presidente da Dire\u00e7\u00e3o da AIDEP\/AIDAP<\/p>\n\n\n<style>.wp-block-kadence-advancedbtn.kb-btns356_4afc7b-ab{gap:var(--global-kb-gap-xs, 0.5rem );justify-content:flex-start;align-items:center;}.kt-btns356_4afc7b-ab .kt-button{font-weight:normal;font-style:normal;}.kt-btns356_4afc7b-ab .kt-btn-wrap-0{margin-right:5px;}.wp-block-kadence-advancedbtn.kt-btns356_4afc7b-ab .kt-btn-wrap-0 .kt-button{color:#555555;border-color:#555555;}.wp-block-kadence-advancedbtn.kt-btns356_4afc7b-ab .kt-btn-wrap-0 .kt-button:hover, .wp-block-kadence-advancedbtn.kt-btns356_4afc7b-ab .kt-btn-wrap-0 .kt-button:focus{color:#ffffff;border-color:#444444;}.wp-block-kadence-advancedbtn.kt-btns356_4afc7b-ab .kt-btn-wrap-0 .kt-button::before{display:none;}.wp-block-kadence-advancedbtn.kt-btns356_4afc7b-ab .kt-btn-wrap-0 .kt-button:hover, .wp-block-kadence-advancedbtn.kt-btns356_4afc7b-ab .kt-btn-wrap-0 .kt-button:focus{background:#444444;}<\/style>\n<div class=\"wp-block-kadence-advancedbtn kb-buttons-wrap kb-btns356_4afc7b-ab\"><style>ul.menu .wp-block-kadence-advancedbtn .kb-btn356_fce8c8-4a.kb-button{width:initial;}.wp-block-kadence-advancedbtn .kb-btn356_fce8c8-4a.kb-button{color:#1daba0;font-family:Montserrat;font-weight:500;border-top-left-radius:500px;border-top-right-radius:500px;border-bottom-right-radius:500px;border-bottom-left-radius:500px;border-top-color:#1daba0;border-top-style:solid;border-right-color:#1daba0;border-right-style:solid;border-bottom-color:#1daba0;border-bottom-style:solid;border-left-color:#1daba0;border-left-style:solid;box-shadow:4px 4px 5px 0px rgba(0, 0, 0, 0.2);}.wp-block-kadence-advancedbtn .kb-btn356_fce8c8-4a.kb-button:hover, .wp-block-kadence-advancedbtn .kb-btn356_fce8c8-4a.kb-button:focus{color:var(--global-palette8, #F7FAFC);background:#1daba0;}@media all and (max-width: 1024px){.wp-block-kadence-advancedbtn .kb-btn356_fce8c8-4a.kb-button{border-top-color:#1daba0;border-top-style:solid;border-right-color:#1daba0;border-right-style:solid;border-bottom-color:#1daba0;border-bottom-style:solid;border-left-color:#1daba0;border-left-style:solid;}}@media all and (max-width: 767px){.wp-block-kadence-advancedbtn .kb-btn356_fce8c8-4a.kb-button{border-top-color:#1daba0;border-top-style:solid;border-right-color:#1daba0;border-right-style:solid;border-bottom-color:#1daba0;border-bottom-style:solid;border-left-color:#1daba0;border-left-style:solid;}}<\/style><a class=\"kb-button kt-button button kb-btn356_fce8c8-4a kt-btn-size-small kt-btn-width-type-auto kb-btn-global-outline  kt-btn-has-text-true kt-btn-has-svg-false  wp-block-kadence-singlebtn\" href=\"https:\/\/aidap2023.ualg.pt\" target=\"_blank\" rel=\"noreferrer noopener\"><span class=\"kt-btn-inner-text\">Mais informa\u00e7\u00f5es<\/span><\/a><\/div>\n","protected":false},"excerpt":{"rendered":"<p>XI Congresso Ibero-americano de Diagn\u00f3stico e Avalia\u00e7\u00e3o Psicol\u00f3gica (Algarve-Portugal) AVALIA\u00c7\u00c3O PSICOL\u00d3GICA: MODELOS, METODOLOGIAS E APLICA\u00c7\u00d5ES H\u00e1 tr\u00eas d\u00e9cadas, Alexandro \u00c1vila, \u00c2ngela Biaggio, Danilo Silva e Martina Casullo, reunidos num encontro em Madrid, tomaram a iniciativa de criar uma comunidade cient\u00edfica de pa\u00edses ibero-americanos dedicada especificamente \u00e0 avalia\u00e7\u00e3o psicol\u00f3gica e ao, ent\u00e3o designado, psicodiagn\u00f3stico.Tr\u00eas anos mais&#8230;<\/p>","protected":false},"author":174771,"featured_media":126,"parent":22,"menu_order":0,"comment_status":"closed","ping_status":"closed","template":"","meta":{"_kadence_starter_templates_imported_post":false,"_kad_post_transparent":"","_kad_post_title":"","_kad_post_layout":"","_kad_post_sidebar_id":"","_kad_post_content_style":"boxed","_kad_post_vertical_padding":"hide","_kad_post_feature":"hide","_kad_post_feature_position":"","_kad_post_header":false,"_kad_post_footer":false,"_kad_post_classname":"","footnotes":""},"class_list":["post-356","page","type-page","status-publish","has-post-thumbnail","hentry"],"_links":{"self":[{"href":"https:\/\/aidep-aidap.org\/es\/wp-json\/wp\/v2\/pages\/356","targetHints":{"allow":["GET"]}}],"collection":[{"href":"https:\/\/aidep-aidap.org\/es\/wp-json\/wp\/v2\/pages"}],"about":[{"href":"https:\/\/aidep-aidap.org\/es\/wp-json\/wp\/v2\/types\/page"}],"author":[{"embeddable":true,"href":"https:\/\/aidep-aidap.org\/es\/wp-json\/wp\/v2\/users\/174771"}],"replies":[{"embeddable":true,"href":"https:\/\/aidep-aidap.org\/es\/wp-json\/wp\/v2\/comments?post=356"}],"version-history":[{"count":4,"href":"https:\/\/aidep-aidap.org\/es\/wp-json\/wp\/v2\/pages\/356\/revisions"}],"predecessor-version":[{"id":447,"href":"https:\/\/aidep-aidap.org\/es\/wp-json\/wp\/v2\/pages\/356\/revisions\/447"}],"up":[{"embeddable":true,"href":"https:\/\/aidep-aidap.org\/es\/wp-json\/wp\/v2\/pages\/22"}],"wp:featuredmedia":[{"embeddable":true,"href":"https:\/\/aidep-aidap.org\/es\/wp-json\/wp\/v2\/media\/126"}],"wp:attachment":[{"href":"https:\/\/aidep-aidap.org\/es\/wp-json\/wp\/v2\/media?parent=356"}],"curies":[{"name":"wp","href":"https:\/\/api.w.org\/{rel}","templated":true}]}}