{"id":34,"date":"2026-03-14T19:01:24","date_gmt":"2026-03-14T19:01:24","guid":{"rendered":"https:\/\/aidep-aidap.org\/?page_id=34"},"modified":"2026-04-04T22:35:59","modified_gmt":"2026-04-04T22:35:59","slug":"conselho-editorial","status":"publish","type":"page","link":"https:\/\/aidep-aidap.org\/es\/institucional\/conselho-editorial\/","title":{"rendered":"Conselho Editorial"},"content":{"rendered":"<h1 class=\"wp-block-heading\">Conselho Editorial<\/h1>\n\n\n\n<p>Afonso, Maria Jo\u00e3o.&nbsp;<em>Universidad de Lisboa, Portugal.<\/em><\/p>\n\n\n\n<p>Alderete, Ana.&nbsp;<em>Universidad Nacional de C\u00f3rdoba, Argentina.<\/em><\/p>\n\n\n\n<p>Ampudia, Amada.&nbsp;<em>Universidad Aut\u00f3noma, M\u00e9xico<\/em>.<\/p>\n\n\n\n<p>Ardoino, Graciela.&nbsp;<em>Universidad Cat\u00f3lica del Uruguay.<\/em><\/p>\n\n\n\n<p>Barros, Lu\u00edsa.&nbsp;<em>Universidad de Lisboa, Portugal.<\/em><\/p>\n\n\n\n<p>Calero, Dolores.&nbsp;<em>Universidad de Granada, Espa\u00f1a.<\/em><\/p>\n\n\n\n<p>Castanheira Duarte, Eduarda.&nbsp;<em>Universidad de Lisboa, Portugal.<\/em><\/p>\n\n\n\n<p>Castro Solano, Alejandro.&nbsp;<em>CONICET,<\/em>&nbsp;<em>Universidad de Palermo, Argentina.<\/em><\/p>\n\n\n\n<p>Cayssials, Alicia.&nbsp;<em>Universidad de Buenos Aires, Argentina.<\/em><\/p>\n\n\n\n<p>Contini, Norma.&nbsp;<em>Universidad Nacional de&nbsp; Tucum\u00e1n, Argentina&nbsp;<\/em><\/p>\n\n\n\n<p>Cu\u00e9llar, Isabel.&nbsp;<em>Hosp. Cl\u00ednico de Getafe, Espa\u00f1a.<\/em><\/p>\n\n\n\n<p>Daset, Lilian.&nbsp;<em>Universidad Cat\u00f3lica del Uruguay.<\/em><\/p>\n\n\n\n<p>D\u00edaz-Morales, Juan Francisco.&nbsp;<em>Universidad Complutense de Madrid.<\/em><\/p>\n\n\n\n<p>Donolo, Danilo.&nbsp;<em>Universidad Nacional Rio Cuarto, Argentina.<\/em><\/p>\n\n\n\n<p>Dresch Moehlecke, Virginia.&nbsp;<em>Universidad Complutense, Madrid.<\/em><\/p>\n\n\n\n<p>Fagulha, Teresa.&nbsp;<em>Universidad de Lisboa, Portugal.<\/em><\/p>\n\n\n\n<p>Fern\u00e1ndez Liporace, Mar\u00eda Mercedes.&nbsp;<em>Universidad de Buenos Aires, Argentina.<\/em><\/p>\n\n\n\n<p>Flores Galaz, Mirta.&nbsp;<em>Universidad Aut\u00f3noma, Yucat\u00e1n.<\/em><\/p>\n\n\n\n<p>Garaigordobil, Maite.&nbsp;<em>Universidad del Pa\u00eds Vasco.<\/em><\/p>\n\n\n\n<p>G\u00f3mez Maqueo, Emilia Lucio.&nbsp;<em>Universidad Aut\u00f3noma M\u00e9xico.<\/em><\/p>\n\n\n\n<p>Gonz\u00e1lez Barr\u00f3n, Remedios.&nbsp;<em>Universidad de Valencia, Espa\u00f1a.<\/em><\/p>\n\n\n\n<p>Janeiro, Isabel.&nbsp;<em>Universidad de Lisboa, Portugal.<\/em><\/p>\n\n\n\n<p>Jim\u00e9nez G\u00f3mez, Fernando.&nbsp;<em>Universidad de Salamanca, Espa\u00f1a.<\/em><\/p>\n\n\n\n<p>Leibovich, Nora.&nbsp;<em>CONICET, Buenos Aires, Argentina.<\/em><\/p>\n\n\n\n<p>Maganto Mateo, Carmen.&nbsp;<em>Universidad del Pa\u00eds Vasco.<\/em><\/p>\n\n\n\n<p>Mart\u00ednez, Patricia. Pontificia&nbsp;<em>Universidad Cat\u00f3lica, Per\u00fa.<\/em><\/p>\n\n\n\n<p>Martorell, Mar\u00eda del Carmen.&nbsp;<em>Universidad de Valencia, Espa\u00f1a.<\/em><\/p>\n\n\n\n<p>Moreira, Jo\u00e3o.&nbsp;<em>Universidad de Lisboa, Portugal.<\/em><\/p>\n\n\n\n<p>Novo, Rosa.&nbsp;<em>Universidad de Lisboa, Portugal.<\/em><\/p>\n\n\n\n<p>Piacente, Telma.<em>&nbsp;Universidad de la Plata, Argentina.<\/em><\/p>\n\n\n\n<p>R\u00e1ez, Matilde. Pontificia<em>&nbsp;Universidad Cat\u00f3lica, Per\u00fa.<\/em><\/p>\n\n\n\n<p>Rafael, Manuel.&nbsp;<em>Universidad de Lisboa, Portugal.<\/em><\/p>\n\n\n\n<p>S\u00e1, Isabel.&nbsp;<em>Universidad de Lisboa, Portugal.<\/em><\/p>\n\n\n\n<p>Saiz, Jos\u00e9 Luis.&nbsp;<em>Universidad de la Frontera Temuco, Chile.<\/em><\/p>\n\n\n\n<p>Santos, Salom\u00e9.&nbsp;<em>Universidad de Lisboa, Portugal.<\/em><\/p>\n\n\n\n<p>Sim\u00f5es, Mario Rodr\u00edguez.&nbsp;<em>Universidad de Coimbra, Portugal.<\/em><\/p>\n\n\n\n<p>Tornimbeni, Silvia.&nbsp;<em>Universidad de C\u00f3rdoba, Argentina.<\/em><\/p>\n\n\n\n<p>Vinet, Eugenia.&nbsp;<em>Universidad de la Frontera, Chile.<\/em><\/p>\n\n\n\n<p>Vivas, Eleonora.&nbsp;<em>Universidad Sim\u00f3n Bolivar, Venezuela.<\/em><\/p>\n\n\n\n<p>Wechsler, Solange.&nbsp;<em>Pontificia Universidad Cat\u00f3lica,&nbsp;<\/em><em>Campinas, Brasil.<\/em><\/p>","protected":false},"excerpt":{"rendered":"<p>Conselho Editorial Afonso, Maria Jo\u00e3o.&nbsp;Universidad de Lisboa, Portugal. Alderete, Ana.&nbsp;Universidad Nacional de C\u00f3rdoba, Argentina. Ampudia, Amada.&nbsp;Universidad Aut\u00f3noma, M\u00e9xico. Ardoino, Graciela.&nbsp;Universidad Cat\u00f3lica del Uruguay. Barros, Lu\u00edsa.&nbsp;Universidad de Lisboa, Portugal. Calero, Dolores.&nbsp;Universidad de Granada, Espa\u00f1a. Castanheira Duarte, Eduarda.&nbsp;Universidad de Lisboa, Portugal. Castro Solano, Alejandro.&nbsp;CONICET,&nbsp;Universidad de Palermo, Argentina. Cayssials, Alicia.&nbsp;Universidad de Buenos Aires, Argentina. Contini, Norma.&nbsp;Universidad Nacional de&nbsp;&#8230;<\/p>","protected":false},"author":174771,"featured_media":390,"parent":12,"menu_order":1,"comment_status":"closed","ping_status":"closed","template":"","meta":{"_kadence_starter_templates_imported_post":false,"_kad_post_transparent":"default","_kad_post_title":"default","_kad_post_layout":"default","_kad_post_sidebar_id":"","_kad_post_content_style":"boxed","_kad_post_vertical_padding":"hide","_kad_post_feature":"hide","_kad_post_feature_position":"","_kad_post_header":false,"_kad_post_footer":false,"_kad_post_classname":"","footnotes":""},"class_list":["post-34","page","type-page","status-publish","has-post-thumbnail","hentry"],"_links":{"self":[{"href":"https:\/\/aidep-aidap.org\/es\/wp-json\/wp\/v2\/pages\/34","targetHints":{"allow":["GET"]}}],"collection":[{"href":"https:\/\/aidep-aidap.org\/es\/wp-json\/wp\/v2\/pages"}],"about":[{"href":"https:\/\/aidep-aidap.org\/es\/wp-json\/wp\/v2\/types\/page"}],"author":[{"embeddable":true,"href":"https:\/\/aidep-aidap.org\/es\/wp-json\/wp\/v2\/users\/174771"}],"replies":[{"embeddable":true,"href":"https:\/\/aidep-aidap.org\/es\/wp-json\/wp\/v2\/comments?post=34"}],"version-history":[{"count":2,"href":"https:\/\/aidep-aidap.org\/es\/wp-json\/wp\/v2\/pages\/34\/revisions"}],"predecessor-version":[{"id":407,"href":"https:\/\/aidep-aidap.org\/es\/wp-json\/wp\/v2\/pages\/34\/revisions\/407"}],"up":[{"embeddable":true,"href":"https:\/\/aidep-aidap.org\/es\/wp-json\/wp\/v2\/pages\/12"}],"wp:featuredmedia":[{"embeddable":true,"href":"https:\/\/aidep-aidap.org\/es\/wp-json\/wp\/v2\/media\/390"}],"wp:attachment":[{"href":"https:\/\/aidep-aidap.org\/es\/wp-json\/wp\/v2\/media?parent=34"}],"curies":[{"name":"wp","href":"https:\/\/api.w.org\/{rel}","templated":true}]}}