{"id":32,"date":"2026-03-14T19:01:13","date_gmt":"2026-03-14T19:01:13","guid":{"rendered":"https:\/\/aidep-aidap.org\/?page_id=32"},"modified":"2026-04-04T23:07:17","modified_gmt":"2026-04-04T23:07:17","slug":"pre-publicacoes","status":"publish","type":"page","link":"https:\/\/aidep-aidap.org\/es\/sobre-a-ridep\/pre-publicacoes\/","title":{"rendered":"Pr\u00e9-publica\u00e7\u00f5es"},"content":{"rendered":"<h1 class=\"wp-block-heading\">Pr\u00e9-Publica\u00e7\u00f5es<\/h1>\n\n\n\n<p style=\"margin-bottom:0\"><strong>Apresentam-se aqui os artigos da RIDEP pr\u00e9-publicados. \u00c9 poss\u00edvel aceder diretamente aos conte\u00fados. Este \u00e9 um servi\u00e7o oferecido pela RIDEP. Por favor, se utilizar a informa\u00e7\u00e3o publicada, n\u00e3o se esque\u00e7a de citar os autores e o DOI do artigo que consultou.<\/strong><\/p>\n\n\n\n<div style=\"height:450px\" aria-hidden=\"true\" class=\"wp-block-spacer\"><\/div>","protected":false},"excerpt":{"rendered":"<p>Pr\u00e9-Publica\u00e7\u00f5es Apresentam-se aqui os artigos da RIDEP pr\u00e9-publicados. \u00c9 poss\u00edvel aceder diretamente aos conte\u00fados. Este \u00e9 um servi\u00e7o oferecido pela RIDEP. Por favor, se utilizar a informa\u00e7\u00e3o publicada, n\u00e3o se esque\u00e7a de citar os autores e o DOI do artigo que consultou.<\/p>","protected":false},"author":174771,"featured_media":390,"parent":24,"menu_order":2,"comment_status":"closed","ping_status":"closed","template":"","meta":{"_kadence_starter_templates_imported_post":false,"_kad_post_transparent":"default","_kad_post_title":"default","_kad_post_layout":"default","_kad_post_sidebar_id":"","_kad_post_content_style":"boxed","_kad_post_vertical_padding":"hide","_kad_post_feature":"hide","_kad_post_feature_position":"","_kad_post_header":false,"_kad_post_footer":false,"_kad_post_classname":"","footnotes":""},"class_list":["post-32","page","type-page","status-publish","has-post-thumbnail","hentry"],"_links":{"self":[{"href":"https:\/\/aidep-aidap.org\/es\/wp-json\/wp\/v2\/pages\/32","targetHints":{"allow":["GET"]}}],"collection":[{"href":"https:\/\/aidep-aidap.org\/es\/wp-json\/wp\/v2\/pages"}],"about":[{"href":"https:\/\/aidep-aidap.org\/es\/wp-json\/wp\/v2\/types\/page"}],"author":[{"embeddable":true,"href":"https:\/\/aidep-aidap.org\/es\/wp-json\/wp\/v2\/users\/174771"}],"replies":[{"embeddable":true,"href":"https:\/\/aidep-aidap.org\/es\/wp-json\/wp\/v2\/comments?post=32"}],"version-history":[{"count":6,"href":"https:\/\/aidep-aidap.org\/es\/wp-json\/wp\/v2\/pages\/32\/revisions"}],"predecessor-version":[{"id":422,"href":"https:\/\/aidep-aidap.org\/es\/wp-json\/wp\/v2\/pages\/32\/revisions\/422"}],"up":[{"embeddable":true,"href":"https:\/\/aidep-aidap.org\/es\/wp-json\/wp\/v2\/pages\/24"}],"wp:featuredmedia":[{"embeddable":true,"href":"https:\/\/aidep-aidap.org\/es\/wp-json\/wp\/v2\/media\/390"}],"wp:attachment":[{"href":"https:\/\/aidep-aidap.org\/es\/wp-json\/wp\/v2\/media?parent=32"}],"curies":[{"name":"wp","href":"https:\/\/api.w.org\/{rel}","templated":true}]}}