{"id":28,"date":"2026-03-14T19:00:54","date_gmt":"2026-03-14T19:00:54","guid":{"rendered":"https:\/\/aidep-aidap.org\/?page_id=28"},"modified":"2026-04-04T23:30:40","modified_gmt":"2026-04-04T23:30:40","slug":"envio-de-manuscritos","status":"publish","type":"page","link":"https:\/\/aidep-aidap.org\/es\/sobre-a-ridep\/envio-de-manuscritos\/","title":{"rendered":"Envio de Manuscritos"},"content":{"rendered":"<h1 class=\"wp-block-heading\">Envio de manuscritos<\/h1>\n\n\n\n<p><strong>Envio de trabalhos<\/strong><\/p>\n\n\n\n<p>Os manuscritos devem ser submetidos online atrav\u00e9s da plataforma\u00a0<a href=\"https:\/\/ojs.aidep-aidap.org\/\" target=\"_blank\" rel=\"noreferrer noopener\">OJS RIDEP<\/a><\/p>\n\n\n\n<p>Deve come\u00e7ar por registar-se na plataforma. Depois poder\u00e1 enviar o seu manuscrito e ter informa\u00e7\u00f5es sobre o processo editorial. Os manuscritos devem ser submetidos em portugu\u00eas ou em espanhol, utilizando os processadores de texto Word ou Rich Format Text&nbsp;sem introdu\u00e7\u00e3o de qualquer instru\u00e7\u00e3o de formato.<\/p>\n\n\n\n<p>Est\u00e1 dispon\u00edvel um tutorial de apoio \u00e0 utiliza\u00e7\u00e3o da plataforma. Pode consult\u00e1-lo\u00a0<a href=\"\/documentos\/GuiaAutorPT.pdf\" target=\"_blank\" rel=\"noreferrer noopener\">aqui<\/a>. Se, mesmo assim, tiver dificuldades, pode contactar-nos atrav\u00e9s do email ridep.secretaria@gmail.com.<\/p>\n\n\n\n<p>Os autores dever\u00e3o enviar os seus endere\u00e7os, n\u00fameros telef\u00f3nicos, de fax e correios eletr\u00f3nicos.<\/p>\n\n\n\n<p>Todos os manuscritos devem ser acompanhados por uma&nbsp;<strong>carta<\/strong>&nbsp;mediante a qual os autores dos manuscritos aceites cedem os seus direitos de autor \u00e0 Revista para que possam ser publicados em suporte de papel ou formato eletr\u00f3nico. Esta carta deve ser assinada por todos os autores e deve indicar tamb\u00e9m que o conte\u00fado do manuscrito n\u00e3o foi anteriormente publicado.<\/p>\n\n\n\n<p>Dever\u00e1 ter-se em conta que o processo de revis\u00e3o inicial de um manuscrito implica um per\u00edodo de at\u00e9 seis meses.<\/p>\n\n\n\n<p><strong>Processo de avalia\u00e7\u00e3o e decis\u00e3o<\/strong><\/p>\n\n\n\n<p>O Conselho Director \u00e9 a inst\u00e2ncia que decide sobre a aceita\u00e7\u00e3o dos artigos submetidos, baseando-se nas pol\u00edticas e crit\u00e9rios estabelecidos e nas indica\u00e7\u00f5es da avalia\u00e7\u00e3o. O Diretor e os Editores selecionam e classificam os manuscritos que cumprem os crit\u00e9rios exigidos e indicam os pares avaliadores.<\/p>\n\n\n\n<p>Depois de acusar a rece\u00e7\u00e3o do manuscrito recebido, este ser\u00e1 enviado a avaliadores (<em>referees<\/em>) especialistas no tema do trabalho. O m\u00e9todo de revis\u00e3o empregue \u00e9 duplamente cego (anonimato dos autores e dos avaliadores).<\/p>\n\n\n\n<p>O resultado do processo de avalia\u00e7\u00e3o poder\u00e1 ser: (a) aceita\u00e7\u00e3o do artigo; (b) recusa; (c) aceita\u00e7\u00e3o dependente de altera\u00e7\u00f5es.<\/p>\n\n\n\n<p>Qualquer destas informa\u00e7\u00f5es ser\u00e1 enviada aos autores, normalmente por correio eletr\u00f3nico. Os manuscritos corrigidos dever\u00e3o ser enviados aos Editores no prazo m\u00e1ximo de um m\u00eas.<\/p>\n\n\n\n<p>Em qualquer caso, o Conselho Editorial reserva-se o direito de aceitar ou n\u00e3o os manuscritos. A aceita\u00e7\u00e3o do manuscrito para publica\u00e7\u00e3o implica a concess\u00e3o dos direitos de reprodu\u00e7\u00e3o e divulga\u00e7\u00e3o por qualquer meio \u00e0 Associa\u00e7\u00e3o Iberoamericana de Diagn\u00f3stico e Avalia\u00e7\u00e3o Psicol\u00f3gica na sua qualidade de Editora da revista.<\/p>\n\n\n\n<p>Depois de aceite para publica\u00e7\u00e3o, os Editores da Revista reservam-se o direito de publicar o artigo no volume e n\u00famero que estimem conveniente, procurando evitar tanto quanto poss\u00edvel atrasos na publica\u00e7\u00e3o, mas tendo tamb\u00e9m em conta a adequada composi\u00e7\u00e3o e tamanho de cada n\u00famero.<\/p>\n\n\n\n<p>Uma vez aprovado o artigo n\u00e3o se poder\u00e3o fazer modifica\u00e7\u00f5es no texto. As provas tipogr\u00e1ficas que ser\u00e3o enviadas aos autores destinam-se apenas a verificar se n\u00e3o existem erros formais.<\/p>\n\n\n\n<p>A AIDAP como entidade que gere a publica\u00e7\u00e3o e os Editores da Revista n\u00e3o assumem qualquer responsabilidade pelo conte\u00fado dos trabalhos publicados ou pelas opini\u00f5es ou afirma\u00e7\u00f5es expressas pelos respetivos autores.<\/p>\n\n\n\n<p>A entrega de originais para publica\u00e7\u00e3o implica a plena aceita\u00e7\u00e3o destas normas.<\/p>\n\n\n\n<p><strong><em>NOTA:&nbsp;<\/em>Os associados da AIDAP com as quotas dos \u00faltimos dois anos regularizadas, t\u00eam a possibilidade de publicar um artigo por ano na RIDEP. Quando nenhum dos autores for membro da AIDAP, um deles&nbsp;pode candidatar-se&nbsp;a associado, preenchendo o respetivo formul\u00e1rio.&nbsp;Caso seja aceite, dever\u00e1 ter a quota, relativa ao presente ano e ao seguinte, em dia&nbsp;para poder publicar.<\/strong><\/p>","protected":false},"excerpt":{"rendered":"<p>Envio de manuscritos Envio de trabalhos Os manuscritos devem ser submetidos online atrav\u00e9s da plataforma\u00a0OJS RIDEP Deve come\u00e7ar por registar-se na plataforma. Depois poder\u00e1 enviar o seu manuscrito e ter informa\u00e7\u00f5es sobre o processo editorial. Os manuscritos devem ser submetidos em portugu\u00eas ou em espanhol, utilizando os processadores de texto Word ou Rich Format Text&nbsp;sem&#8230;<\/p>","protected":false},"author":174771,"featured_media":82,"parent":24,"menu_order":1,"comment_status":"closed","ping_status":"closed","template":"","meta":{"_kadence_starter_templates_imported_post":false,"_kad_post_transparent":"default","_kad_post_title":"default","_kad_post_layout":"default","_kad_post_sidebar_id":"","_kad_post_content_style":"boxed","_kad_post_vertical_padding":"hide","_kad_post_feature":"hide","_kad_post_feature_position":"","_kad_post_header":false,"_kad_post_footer":false,"_kad_post_classname":"","footnotes":""},"class_list":["post-28","page","type-page","status-publish","has-post-thumbnail","hentry"],"_links":{"self":[{"href":"https:\/\/aidep-aidap.org\/es\/wp-json\/wp\/v2\/pages\/28","targetHints":{"allow":["GET"]}}],"collection":[{"href":"https:\/\/aidep-aidap.org\/es\/wp-json\/wp\/v2\/pages"}],"about":[{"href":"https:\/\/aidep-aidap.org\/es\/wp-json\/wp\/v2\/types\/page"}],"author":[{"embeddable":true,"href":"https:\/\/aidep-aidap.org\/es\/wp-json\/wp\/v2\/users\/174771"}],"replies":[{"embeddable":true,"href":"https:\/\/aidep-aidap.org\/es\/wp-json\/wp\/v2\/comments?post=28"}],"version-history":[{"count":5,"href":"https:\/\/aidep-aidap.org\/es\/wp-json\/wp\/v2\/pages\/28\/revisions"}],"predecessor-version":[{"id":437,"href":"https:\/\/aidep-aidap.org\/es\/wp-json\/wp\/v2\/pages\/28\/revisions\/437"}],"up":[{"embeddable":true,"href":"https:\/\/aidep-aidap.org\/es\/wp-json\/wp\/v2\/pages\/24"}],"wp:featuredmedia":[{"embeddable":true,"href":"https:\/\/aidep-aidap.org\/es\/wp-json\/wp\/v2\/media\/82"}],"wp:attachment":[{"href":"https:\/\/aidep-aidap.org\/es\/wp-json\/wp\/v2\/media?parent=28"}],"curies":[{"name":"wp","href":"https:\/\/api.w.org\/{rel}","templated":true}]}}