{"id":24,"date":"2026-03-14T19:00:34","date_gmt":"2026-03-14T19:00:34","guid":{"rendered":"https:\/\/aidep-aidap.org\/?page_id=24"},"modified":"2026-04-04T23:36:58","modified_gmt":"2026-04-04T23:36:58","slug":"sobre-a-ridep","status":"publish","type":"page","link":"https:\/\/aidep-aidap.org\/es\/sobre-a-ridep\/","title":{"rendered":"Sobre a RIDEP"},"content":{"rendered":"<h1 class=\"wp-block-heading\">Sobre a RIDEP<\/h1>\n\n\n\n<p>A&nbsp;<em>Revista Iberoamericana de Diagn\u00f3stico y Evaluaci\u00f3n \u2013 e Avalia\u00e7\u00e3o Psicol\u00f3gica<\/em>&nbsp;\u00e9 uma publica\u00e7\u00e3o oficial e peri\u00f3dica da&nbsp;<em>Associa\u00e7\u00e3o Iberoamericana de Diagn\u00f3stico e Avalia\u00e7\u00e3o Psicol\u00f3gica<\/em>&nbsp;(AIDEP-AIDAP) e tem como objetivo principal a promo\u00e7\u00e3o e desenvolvimento das \u00e1reas de investiga\u00e7\u00e3o te\u00f3ricas, t\u00e9cnicas e aplicadas da avalia\u00e7\u00e3o psicol\u00f3gica e do psicodiagn\u00f3stico nas suas diferentes conce\u00e7\u00f5es e \u00e2mbitos de aplica\u00e7\u00e3o.<\/p>\n\n\n\n<h4 class=\"wp-block-heading\">Dire\u00e7\u00e3o da RIDEP<\/h4>\n\n\n\n<p><strong>Diretor<\/strong><br>Bruno Gon\u00e7alves\u00a0\u00a0<br><a href=\"mailto:bgoncalves@psicologia.ulisboa.pt\" data-type=\"mailto\" data-id=\"mailto:bgoncalves@psicologia.ulisboa.pt\"><em>bgoncalves@psicologia.ulisboa.pt<\/em><\/a><\/p>\n\n\n\n<p>Marion K. Schulmeyer\u00a0\u00a0<br><em><a href=\"mailto:marionschulmeyer@upsa.edu.bo\" data-type=\"mailto\" data-id=\"mailto:marionschulmeyer@upsa.edu.bo\">marionschulmeyer@upsa.edu.bo<\/a>\u00a0<\/em><\/p>\n\n\n\n<p><strong>Editores<\/strong><br>Jes\u00fas M\u00aa Alvarado,&nbsp;Pablo E. Flores-Kanter, Agust\u00edn Freiberg Hoffmann,&nbsp;Mario Alberto Tr\u00f3golo e&nbsp;Nicol\u00e1s Alejandro Vizioli (espanhol)<br>Rute Pires,&nbsp;Sandra Fernandes e&nbsp;Rui Campos (portugu\u00eas)<\/p>\n\n\n\n<p><strong>Editor Administrativo<\/strong><br>Lu\u00eds Querido<\/p>\n\n\n\n<p><a href=\"https:\/\/aidep-aidap.org\/es\/conselho-editorial\/\" data-type=\"page\" data-id=\"34\">Conselho Editorial<\/a><br>\u00a0<\/p>\n\n\n\n<h5 class=\"wp-block-heading\"><strong>A Revista est\u00e1 indexada em<\/strong>:&nbsp;<strong>Redalyc; Psicodoc; PsycINFO; Latindex; Cengage; Ebsco; Scopus; Thomson Reuters Web of Science&nbsp;<\/strong><\/h5>\n\n\n\n<p><a href=\"https:\/\/scimagojr.com\/journalsearch.php?q=21100217020&amp;tip=sid&amp;clean=0\" data-type=\"link\" data-id=\"https:\/\/scimagojr.com\/journalsearch.php?q=21100217020&amp;tip=sid&amp;clean=0\">Scimago<\/a><\/p>\n\n\n\n<p>&nbsp; &nbsp; &nbsp;&gt;&nbsp;SJR: 0.265<br>&nbsp; &nbsp; &nbsp;&gt;&nbsp;Cita\u00e7\u00f5es\/Doc. (2 anos): 1.063<br>&nbsp; &nbsp; &nbsp;&gt;&nbsp;Ranking (Psychology \u2013 miscelaneous): Q3<\/p>\n\n\n\n<figure class=\"wp-block-image size-full\"><a href=\"https:\/\/scimagojr.com\/journalsearch.php?q=21100217020&amp;tip=sid&amp;exact=no\" target=\"_blank\" rel=\" noreferrer noopener\"><img loading=\"lazy\" decoding=\"async\" width=\"200\" height=\"200\" src=\"https:\/\/aidep-aidap.org\/wp-content\/uploads\/2026\/04\/Journal.png\" alt=\"\" class=\"wp-image-398\" srcset=\"https:\/\/aidep-aidap.org\/wp-content\/uploads\/2026\/04\/Journal.png 200w, https:\/\/aidep-aidap.org\/wp-content\/uploads\/2026\/04\/Journal-150x150.png 150w, https:\/\/aidep-aidap.org\/wp-content\/uploads\/2026\/04\/Journal-12x12.png 12w\" sizes=\"auto, (max-width: 200px) 100vw, 200px\" \/><\/a><\/figure>\n\n\n\n<p><br><a href=\"https:\/\/error.incites.thomsonreuters.com\/error\/Error?DestApp=IC2JCR&amp;Alias=IC2&amp;Domain=.thomsonreuters.com&amp;Src=IP&amp;Params=DestApp%3DIC2JCR&amp;RouterURL=https%3A%2F%2Flogin.incites.thomsonreuters.com%2F&amp;Error=IPError\" data-type=\"link\" data-id=\"https:\/\/error.incites.thomsonreuters.com\/error\/Error?DestApp=IC2JCR&amp;Alias=IC2&amp;Domain=.thomsonreuters.com&amp;Src=IP&amp;Params=DestApp%3DIC2JCR&amp;RouterURL=https%3A%2F%2Flogin.incites.thomsonreuters.com%2F&amp;Error=IPError\">ISI Web of Science<\/a>\u00a0(2021)<br>\u00a0 \u00a0 \u00a0>\u00a0Fator de impacto: 0.866<br>\u00a0 \u00a0 \u00a0>\u00a0Ranking (Clinical Psychology): 157\/178\u00a0(Q4)<\/p>\n\n\n\n<figure class=\"wp-block-image size-full\"><a href=\"https:\/\/redalyc.org\/\" target=\"_blank\" rel=\" noreferrer noopener\"><img loading=\"lazy\" decoding=\"async\" width=\"510\" height=\"330\" src=\"https:\/\/aidep-aidap.org\/wp-content\/uploads\/2026\/04\/redalyc.png\" alt=\"\" class=\"wp-image-402\" srcset=\"https:\/\/aidep-aidap.org\/wp-content\/uploads\/2026\/04\/redalyc.png 510w, https:\/\/aidep-aidap.org\/wp-content\/uploads\/2026\/04\/redalyc-300x194.png 300w, https:\/\/aidep-aidap.org\/wp-content\/uploads\/2026\/04\/redalyc-18x12.png 18w\" sizes=\"auto, (max-width: 510px) 100vw, 510px\" \/><\/a><\/figure>","protected":false},"excerpt":{"rendered":"<p>Sobre a RIDEP A&nbsp;Revista Iberoamericana de Diagn\u00f3stico y Evaluaci\u00f3n \u2013 e Avalia\u00e7\u00e3o Psicol\u00f3gica&nbsp;\u00e9 uma publica\u00e7\u00e3o oficial e peri\u00f3dica da&nbsp;Associa\u00e7\u00e3o Iberoamericana de Diagn\u00f3stico e Avalia\u00e7\u00e3o Psicol\u00f3gica&nbsp;(AIDEP-AIDAP) e tem como objetivo principal a promo\u00e7\u00e3o e desenvolvimento das \u00e1reas de investiga\u00e7\u00e3o te\u00f3ricas, t\u00e9cnicas e aplicadas da avalia\u00e7\u00e3o psicol\u00f3gica e do psicodiagn\u00f3stico nas suas diferentes conce\u00e7\u00f5es e \u00e2mbitos de&#8230;<\/p>","protected":false},"author":174771,"featured_media":390,"parent":0,"menu_order":5,"comment_status":"closed","ping_status":"closed","template":"","meta":{"_kadence_starter_templates_imported_post":false,"_kad_post_transparent":"default","_kad_post_title":"default","_kad_post_layout":"default","_kad_post_sidebar_id":"","_kad_post_content_style":"boxed","_kad_post_vertical_padding":"hide","_kad_post_feature":"hide","_kad_post_feature_position":"","_kad_post_header":false,"_kad_post_footer":false,"_kad_post_classname":"","footnotes":""},"class_list":["post-24","page","type-page","status-publish","has-post-thumbnail","hentry"],"_links":{"self":[{"href":"https:\/\/aidep-aidap.org\/es\/wp-json\/wp\/v2\/pages\/24","targetHints":{"allow":["GET"]}}],"collection":[{"href":"https:\/\/aidep-aidap.org\/es\/wp-json\/wp\/v2\/pages"}],"about":[{"href":"https:\/\/aidep-aidap.org\/es\/wp-json\/wp\/v2\/types\/page"}],"author":[{"embeddable":true,"href":"https:\/\/aidep-aidap.org\/es\/wp-json\/wp\/v2\/users\/174771"}],"replies":[{"embeddable":true,"href":"https:\/\/aidep-aidap.org\/es\/wp-json\/wp\/v2\/comments?post=24"}],"version-history":[{"count":9,"href":"https:\/\/aidep-aidap.org\/es\/wp-json\/wp\/v2\/pages\/24\/revisions"}],"predecessor-version":[{"id":442,"href":"https:\/\/aidep-aidap.org\/es\/wp-json\/wp\/v2\/pages\/24\/revisions\/442"}],"wp:featuredmedia":[{"embeddable":true,"href":"https:\/\/aidep-aidap.org\/es\/wp-json\/wp\/v2\/media\/390"}],"wp:attachment":[{"href":"https:\/\/aidep-aidap.org\/es\/wp-json\/wp\/v2\/media?parent=24"}],"curies":[{"name":"wp","href":"https:\/\/api.w.org\/{rel}","templated":true}]}}