{"id":18,"date":"2026-03-14T18:59:55","date_gmt":"2026-03-14T18:59:55","guid":{"rendered":"https:\/\/aidep-aidap.org\/?page_id=18"},"modified":"2026-04-04T17:07:36","modified_gmt":"2026-04-04T17:07:36","slug":"direitos-e-deveres","status":"publish","type":"page","link":"https:\/\/aidep-aidap.org\/es\/institucional\/direitos-e-deveres\/","title":{"rendered":"Direitos e Deveres"},"content":{"rendered":"<h1 class=\"wp-block-heading\">Direitos e Deveres<\/h1>\n\n\n\n<h4 class=\"wp-block-heading\"><strong>Direitos dos membros da AIDEP-AIDAP<\/strong><\/h4>\n\n\n\n<ul class=\"wp-block-list\">\n<li>Tomar parte nas atividades organizadas pela Associa\u00e7\u00e3o.\u00a0<\/li>\n\n\n\n<li>Usufruir dos benef\u00edcios que a Associa\u00e7\u00e3o possa oferecer.\u00a0<\/li>\n\n\n\n<li>Participar, ou fazer-se representar, nas assembleias gerais.<\/li>\n\n\n\n<li>Candidatar-se e ser eleito para os Corpos Gerentes.<\/li>\n\n\n\n<li>Receber informa\u00e7\u00e3o sobre as atividades organizadas e os acordos firmados pela Associa\u00e7\u00e3o.\u00a0<\/li>\n<\/ul>\n\n\n\n<h4 class=\"wp-block-heading\"><br><strong>Deveres dos membros da AIDEP-AIDAP<\/strong><\/h4>\n\n\n\n<ul class=\"wp-block-list\">\n<li>Cumprir os estatutos.\u00a0<\/li>\n\n\n\n<li>Pagar a quota anual. \u00a0<\/li>\n\n\n\n<li>Contribuir ativamente nas assembleias, reuni\u00f5es de trabalho e demais atividades da Associa\u00e7\u00e3o.\u00a0<\/li>\n\n\n\n<li>Contribuir para o bom nome e prest\u00edgio da Associa\u00e7\u00e3o.<\/li>\n<\/ul>\n\n\n\n<p><\/p>","protected":false},"excerpt":{"rendered":"<p>Direitos e Deveres Direitos dos membros da AIDEP-AIDAP Deveres dos membros da AIDEP-AIDAP<\/p>","protected":false},"author":174771,"featured_media":144,"parent":12,"menu_order":2,"comment_status":"closed","ping_status":"closed","template":"","meta":{"_kadence_starter_templates_imported_post":false,"_kad_post_transparent":"default","_kad_post_title":"default","_kad_post_layout":"default","_kad_post_sidebar_id":"","_kad_post_content_style":"unboxed","_kad_post_vertical_padding":"show","_kad_post_feature":"hide","_kad_post_feature_position":"","_kad_post_header":false,"_kad_post_footer":false,"_kad_post_classname":"","footnotes":""},"class_list":["post-18","page","type-page","status-publish","has-post-thumbnail","hentry"],"_links":{"self":[{"href":"https:\/\/aidep-aidap.org\/es\/wp-json\/wp\/v2\/pages\/18","targetHints":{"allow":["GET"]}}],"collection":[{"href":"https:\/\/aidep-aidap.org\/es\/wp-json\/wp\/v2\/pages"}],"about":[{"href":"https:\/\/aidep-aidap.org\/es\/wp-json\/wp\/v2\/types\/page"}],"author":[{"embeddable":true,"href":"https:\/\/aidep-aidap.org\/es\/wp-json\/wp\/v2\/users\/174771"}],"replies":[{"embeddable":true,"href":"https:\/\/aidep-aidap.org\/es\/wp-json\/wp\/v2\/comments?post=18"}],"version-history":[{"count":3,"href":"https:\/\/aidep-aidap.org\/es\/wp-json\/wp\/v2\/pages\/18\/revisions"}],"predecessor-version":[{"id":333,"href":"https:\/\/aidep-aidap.org\/es\/wp-json\/wp\/v2\/pages\/18\/revisions\/333"}],"up":[{"embeddable":true,"href":"https:\/\/aidep-aidap.org\/es\/wp-json\/wp\/v2\/pages\/12"}],"wp:featuredmedia":[{"embeddable":true,"href":"https:\/\/aidep-aidap.org\/es\/wp-json\/wp\/v2\/media\/144"}],"wp:attachment":[{"href":"https:\/\/aidep-aidap.org\/es\/wp-json\/wp\/v2\/media?parent=18"}],"curies":[{"name":"wp","href":"https:\/\/api.w.org\/{rel}","templated":true}]}}